{"id":268278,"date":"2024-07-09T10:03:38","date_gmt":"2024-07-09T10:03:38","guid":{"rendered":"https:\/\/explorial.com\/trails\/tour-de-ville-saint-sebastien-1\/"},"modified":"2024-09-17T08:18:38","modified_gmt":"2024-09-17T08:18:38","slug":"tour-de-ville-saint-sebastien-1","status":"publish","type":"product","link":"https:\/\/explorial.com\/fr\/trails\/tour-de-ville-saint-sebastien-1\/","title":{"rendered":"Saint-S\u00e9bastien"},"content":{"rendered":"","protected":false},"excerpt":{"rendered":"","protected":false},"featured_media":268012,"comment_status":"open","ping_status":"closed","template":"","meta":{"_acf_changed":false},"product_brand":[],"product_cat":[1169,3499],"product_tag":[3503],"class_list":{"0":"post-268278","1":"product","2":"type-product","3":"status-publish","4":"has-post-thumbnail","6":"product_cat-spain-fr","7":"product_cat-basque-country-fr","8":"product_tag-san-sebastian-ch","10":"first","11":"instock","12":"sale","13":"taxable","14":"shipping-taxable","15":"purchasable","16":"product-type-variable"},"acf":{"city_name":"Saint-S\u00e9bastien","city_name_display":"Saint-S\u00e9bastien","languages":"Espagnol, Anglais","duration":"environ 1,5 \u00e0 2 heures","description_1":"","description_2":"","city_description":"","short_description":"","notes":"","header_image":268006,"highlight_locations":"Plaza de la Constituci\u00f3n, Paseo de La Concha, Bas\u00edlica de Santa Mar\u00eda del Coro","additional_wheelchair":"Malheureusement, cette piste n\u2019est que partiellement adapt\u00e9e aux fauteuils roulants et aux poussettes en raison de ses pentes et de ses escaliers. Cependant, la piste peut \u00eatre jou\u00e9e, mais certains endroits peuvent \u00eatre plus difficiles d\u2019acc\u00e8s.","voucher_link":"","start_location_coordinates":"43.32117, -1.98555","start_location_name":"Ayuntamiento de Donostia \/ San Sebasti\u00e1n","start_location_address":"Ijentea Kalea, 1, 20003, Donostia, Gipuzkoa","end_location_name":"Paseo de La Concha","partner_object":null},"_links":{"self":[{"href":"https:\/\/explorial.com\/fr\/wp-json\/wp\/v2\/product\/268278","targetHints":{"allow":["GET"]}}],"collection":[{"href":"https:\/\/explorial.com\/fr\/wp-json\/wp\/v2\/product"}],"about":[{"href":"https:\/\/explorial.com\/fr\/wp-json\/wp\/v2\/types\/product"}],"replies":[{"embeddable":true,"href":"https:\/\/explorial.com\/fr\/wp-json\/wp\/v2\/comments?post=268278"}],"wp:featuredmedia":[{"embeddable":true,"href":"https:\/\/explorial.com\/fr\/wp-json\/wp\/v2\/media\/268012"}],"wp:attachment":[{"href":"https:\/\/explorial.com\/fr\/wp-json\/wp\/v2\/media?parent=268278"}],"wp:term":[{"taxonomy":"product_brand","embeddable":true,"href":"https:\/\/explorial.com\/fr\/wp-json\/wp\/v2\/product_brand?post=268278"},{"taxonomy":"product_cat","embeddable":true,"href":"https:\/\/explorial.com\/fr\/wp-json\/wp\/v2\/product_cat?post=268278"},{"taxonomy":"product_tag","embeddable":true,"href":"https:\/\/explorial.com\/fr\/wp-json\/wp\/v2\/product_tag?post=268278"}],"curies":[{"name":"wp","href":"https:\/\/api.w.org\/{rel}","templated":true}]}}