{"id":262369,"date":"2024-06-21T09:44:47","date_gmt":"2024-06-21T09:44:47","guid":{"rendered":"https:\/\/explorial.com\/trails\/tour-de-ville-istanbul-1\/"},"modified":"2024-09-10T09:53:55","modified_gmt":"2024-09-10T09:53:55","slug":"tour-de-ville-istanbul-1","status":"publish","type":"product","link":"https:\/\/explorial.com\/fr\/trails\/tour-de-ville-istanbul-1\/","title":{"rendered":"Istanbul"},"content":{"rendered":"","protected":false},"excerpt":{"rendered":"","protected":false},"featured_media":262165,"comment_status":"open","ping_status":"closed","template":"","meta":{"_acf_changed":false},"product_brand":[],"product_cat":[3426,2054],"product_tag":[3418],"class_list":{"0":"post-262369","1":"product","2":"type-product","3":"status-publish","4":"has-post-thumbnail","6":"product_cat-marmara-fr","7":"product_cat-turkiye-fr","8":"product_tag-istanbul-ch","10":"first","11":"instock","12":"sale","13":"taxable","14":"shipping-taxable","15":"purchasable","16":"product-type-variable"},"acf":{"city_name":"Istanbul","city_name_display":"Istanbul","languages":"Anglais","duration":"environ 1,5 \u00e0 2 heures","description_1":"","description_2":"","city_description":"","short_description":"","notes":"","header_image":262159,"highlight_locations":"Blue Mosque, Sultan Ahmed III Fountain, Arasta Bazaar","additional_wheelchair":"Malheureusement, cette piste n\u2019est que partiellement adapt\u00e9e aux fauteuils roulants et aux poussettes en raison de ses pentes et de ses escaliers. Cependant, la piste peut \u00eatre jou\u00e9e, mais certains endroits peuvent \u00eatre plus difficiles d\u2019acc\u00e8s.","voucher_link":"","start_location_coordinates":"41.00749, 28.97603","start_location_name":"Mehmet Akif Ersoy Park\u0131","start_location_address":"Binbirdirek, Mehmet Akif Ersoy Park\u0131, 34122 Fatih\/\u0130stanbul, T\u00fcrkiye","end_location_name":"Arasta Bazaar","partner_object":null},"_links":{"self":[{"href":"https:\/\/explorial.com\/fr\/wp-json\/wp\/v2\/product\/262369","targetHints":{"allow":["GET"]}}],"collection":[{"href":"https:\/\/explorial.com\/fr\/wp-json\/wp\/v2\/product"}],"about":[{"href":"https:\/\/explorial.com\/fr\/wp-json\/wp\/v2\/types\/product"}],"replies":[{"embeddable":true,"href":"https:\/\/explorial.com\/fr\/wp-json\/wp\/v2\/comments?post=262369"}],"wp:featuredmedia":[{"embeddable":true,"href":"https:\/\/explorial.com\/fr\/wp-json\/wp\/v2\/media\/262165"}],"wp:attachment":[{"href":"https:\/\/explorial.com\/fr\/wp-json\/wp\/v2\/media?parent=262369"}],"wp:term":[{"taxonomy":"product_brand","embeddable":true,"href":"https:\/\/explorial.com\/fr\/wp-json\/wp\/v2\/product_brand?post=262369"},{"taxonomy":"product_cat","embeddable":true,"href":"https:\/\/explorial.com\/fr\/wp-json\/wp\/v2\/product_cat?post=262369"},{"taxonomy":"product_tag","embeddable":true,"href":"https:\/\/explorial.com\/fr\/wp-json\/wp\/v2\/product_tag?post=262369"}],"curies":[{"name":"wp","href":"https:\/\/api.w.org\/{rel}","templated":true}]}}