{"id":260549,"date":"2024-06-05T16:48:24","date_gmt":"2024-06-05T16:48:24","guid":{"rendered":"https:\/\/explorial.com\/trails\/tour-de-ville-reims-1\/"},"modified":"2024-09-17T09:10:03","modified_gmt":"2024-09-17T09:10:03","slug":"tour-de-ville-reims-1","status":"publish","type":"product","link":"https:\/\/explorial.com\/fr\/trails\/tour-de-ville-reims-1\/","title":{"rendered":"Reims"},"content":{"rendered":"","protected":false},"excerpt":{"rendered":"","protected":false},"featured_media":260295,"comment_status":"open","ping_status":"closed","template":"","meta":{"_acf_changed":false},"product_brand":[],"product_cat":[1125,1128],"product_tag":[3392],"class_list":{"0":"post-260549","1":"product","2":"type-product","3":"status-publish","4":"has-post-thumbnail","6":"product_cat-france-fr","7":"product_cat-grand-est-fr","8":"product_tag-reims-es","10":"first","11":"instock","12":"sale","13":"taxable","14":"shipping-taxable","15":"purchasable","16":"product-type-variable"},"acf":{"city_name":"Reims","city_name_display":"Reims","languages":"Anglais, Fran\u00e7ais","duration":"environ 1,5 \u00e0 2 heures","description_1":"","description_2":"","city_description":"Ce n'est pas pour rien que Reims est appel\u00e9e la \u00ab\u00a0cit\u00e9 des rois\u00a0\u00bb : elle abrite la cath\u00e9drale o\u00f9 les rois de France ont \u00e9t\u00e9 couronn\u00e9s pendant des si\u00e8cles. Mais la ville est c\u00e9l\u00e8bre pour une autre raison festive : le champagne ! En tant que capitale officieuse de la Champagne, tu pourras boire des bulles \u00e0 volont\u00e9.","short_description":"","notes":"","header_image":260289,"highlight_locations":"Cath\u00e9drale Notre-Dame de Reims, Le Cellier, Palais du Tau","additional_wheelchair":"Malheureusement, cette piste n\u2019est que partiellement adapt\u00e9e aux fauteuils roulants et aux poussettes en raison de ses pentes et de ses escaliers. Cependant, la piste peut \u00eatre jou\u00e9e, mais certains endroits peuvent \u00eatre plus difficiles d\u2019acc\u00e8s.","voucher_link":"","start_location_coordinates":"49.26182, 4.03042","start_location_name":"Monument aux morts de Reims","start_location_address":"2 Pl. de la R\u00e9publique, 51100 Reims, France","end_location_name":"Statue de Jeanne d\u2019Arc","partner_object":null},"_links":{"self":[{"href":"https:\/\/explorial.com\/fr\/wp-json\/wp\/v2\/product\/260549","targetHints":{"allow":["GET"]}}],"collection":[{"href":"https:\/\/explorial.com\/fr\/wp-json\/wp\/v2\/product"}],"about":[{"href":"https:\/\/explorial.com\/fr\/wp-json\/wp\/v2\/types\/product"}],"replies":[{"embeddable":true,"href":"https:\/\/explorial.com\/fr\/wp-json\/wp\/v2\/comments?post=260549"}],"wp:featuredmedia":[{"embeddable":true,"href":"https:\/\/explorial.com\/fr\/wp-json\/wp\/v2\/media\/260295"}],"wp:attachment":[{"href":"https:\/\/explorial.com\/fr\/wp-json\/wp\/v2\/media?parent=260549"}],"wp:term":[{"taxonomy":"product_brand","embeddable":true,"href":"https:\/\/explorial.com\/fr\/wp-json\/wp\/v2\/product_brand?post=260549"},{"taxonomy":"product_cat","embeddable":true,"href":"https:\/\/explorial.com\/fr\/wp-json\/wp\/v2\/product_cat?post=260549"},{"taxonomy":"product_tag","embeddable":true,"href":"https:\/\/explorial.com\/fr\/wp-json\/wp\/v2\/product_tag?post=260549"}],"curies":[{"name":"wp","href":"https:\/\/api.w.org\/{rel}","templated":true}]}}