{"id":252823,"date":"2024-06-04T16:13:18","date_gmt":"2024-06-04T16:13:18","guid":{"rendered":"https:\/\/explorial.com\/trails\/tour-de-ville-aveiro-1\/"},"modified":"2024-09-17T14:04:13","modified_gmt":"2024-09-17T14:04:13","slug":"tour-de-ville-aveiro-1","status":"publish","type":"product","link":"https:\/\/explorial.com\/fr\/trails\/tour-de-ville-aveiro-1\/","title":{"rendered":"Aveiro"},"content":{"rendered":"","protected":false},"excerpt":{"rendered":"","protected":false},"featured_media":252537,"comment_status":"open","ping_status":"closed","template":"","meta":{"_acf_changed":false},"product_brand":[],"product_cat":[1162,1159],"product_tag":[3376],"class_list":{"0":"post-252823","1":"product","2":"type-product","3":"status-publish","4":"has-post-thumbnail","6":"product_cat-central-portugal-fr","7":"product_cat-portugal-fr","8":"product_tag-aveiro-fr","10":"first","11":"instock","12":"sale","13":"taxable","14":"shipping-taxable","15":"purchasable","16":"product-type-variable"},"acf":{"city_name":"Aveiro","city_name_display":"Aveiro","languages":"Portugais, Anglais","duration":"environ 1,5 \u00e0 2 heures","description_1":"","description_2":"","city_description":"","short_description":"","notes":"","header_image":252531,"highlight_locations":"Ovos Moles de Aveiro, Capela de S\u00e3o Gon\u00e7alinho,  Passeios de Moliceiro","additional_wheelchair":"Malheureusement, cette piste n\u2019est que partiellement adapt\u00e9e aux fauteuils roulants et aux poussettes en raison de ses pentes et de ses escaliers. Cependant, la piste peut \u00eatre jou\u00e9e, mais certains endroits peuvent \u00eatre plus difficiles d\u2019acc\u00e8s.","voucher_link":"","start_location_coordinates":"40.63841, -8.64567","start_location_name":"Escadaria I Love Aveiro","start_location_address":"Rua Gustavo Silva, 3810-164 Aveiro, Portugal","end_location_name":" Passeios de Moliceiro","partner_object":null},"_links":{"self":[{"href":"https:\/\/explorial.com\/fr\/wp-json\/wp\/v2\/product\/252823","targetHints":{"allow":["GET"]}}],"collection":[{"href":"https:\/\/explorial.com\/fr\/wp-json\/wp\/v2\/product"}],"about":[{"href":"https:\/\/explorial.com\/fr\/wp-json\/wp\/v2\/types\/product"}],"replies":[{"embeddable":true,"href":"https:\/\/explorial.com\/fr\/wp-json\/wp\/v2\/comments?post=252823"}],"wp:featuredmedia":[{"embeddable":true,"href":"https:\/\/explorial.com\/fr\/wp-json\/wp\/v2\/media\/252537"}],"wp:attachment":[{"href":"https:\/\/explorial.com\/fr\/wp-json\/wp\/v2\/media?parent=252823"}],"wp:term":[{"taxonomy":"product_brand","embeddable":true,"href":"https:\/\/explorial.com\/fr\/wp-json\/wp\/v2\/product_brand?post=252823"},{"taxonomy":"product_cat","embeddable":true,"href":"https:\/\/explorial.com\/fr\/wp-json\/wp\/v2\/product_cat?post=252823"},{"taxonomy":"product_tag","embeddable":true,"href":"https:\/\/explorial.com\/fr\/wp-json\/wp\/v2\/product_tag?post=252823"}],"curies":[{"name":"wp","href":"https:\/\/api.w.org\/{rel}","templated":true}]}}