{"id":244026,"date":"2024-05-28T11:20:50","date_gmt":"2024-05-28T11:20:50","guid":{"rendered":"https:\/\/explorial.com\/trails\/tour-de-ville-edimbourg-1\/"},"modified":"2024-09-10T11:37:44","modified_gmt":"2024-09-10T11:37:44","slug":"tour-de-ville-edimbourg-1","status":"publish","type":"product","link":"https:\/\/explorial.com\/fr\/trails\/tour-de-ville-edimbourg-1\/","title":{"rendered":"\u00c9dimbourg"},"content":{"rendered":"","protected":false},"excerpt":{"rendered":"","protected":false},"featured_media":244305,"comment_status":"open","ping_status":"closed","template":"","meta":{"_acf_changed":false},"product_brand":[],"product_cat":[3340,1618],"product_tag":[3363],"class_list":{"0":"post-244026","1":"product","2":"type-product","3":"status-publish","4":"has-post-thumbnail","6":"product_cat-scotland-fr","7":"product_cat-united-kingdom-fr","8":"product_tag-edinburgh-ch","10":"first","11":"instock","12":"sale","13":"taxable","14":"shipping-taxable","15":"purchasable","16":"product-type-variable"},"acf":{"city_name":"\u00c9dimbourg","city_name_display":"\u00c9dimbourg","languages":"Anglais","duration":"environ 1,5 \u00e0 2 heures","description_1":"","description_2":"","city_description":"","short_description":"","notes":"","header_image":244299,"highlight_locations":"Edinburgh Castle, John Knox House, Palace of Holyrood House","additional_wheelchair":"Malheureusement, cette piste n\u2019est que partiellement adapt\u00e9e aux fauteuils roulants et aux poussettes en raison de ses pentes et de ses escaliers. Cependant, la piste peut \u00eatre jou\u00e9e, mais certains endroits peuvent \u00eatre plus difficiles d\u2019acc\u00e8s.","voucher_link":"","start_location_coordinates":"55.95006, -3.20244","start_location_name":"Robert Louis Stevenson Memorial","start_location_address":"Princes Street Gardens, Edinburgh EH2 3AA, United Kingdom","end_location_name":"Palace of Holyrood House","partner_object":null},"_links":{"self":[{"href":"https:\/\/explorial.com\/fr\/wp-json\/wp\/v2\/product\/244026","targetHints":{"allow":["GET"]}}],"collection":[{"href":"https:\/\/explorial.com\/fr\/wp-json\/wp\/v2\/product"}],"about":[{"href":"https:\/\/explorial.com\/fr\/wp-json\/wp\/v2\/types\/product"}],"replies":[{"embeddable":true,"href":"https:\/\/explorial.com\/fr\/wp-json\/wp\/v2\/comments?post=244026"}],"wp:featuredmedia":[{"embeddable":true,"href":"https:\/\/explorial.com\/fr\/wp-json\/wp\/v2\/media\/244305"}],"wp:attachment":[{"href":"https:\/\/explorial.com\/fr\/wp-json\/wp\/v2\/media?parent=244026"}],"wp:term":[{"taxonomy":"product_brand","embeddable":true,"href":"https:\/\/explorial.com\/fr\/wp-json\/wp\/v2\/product_brand?post=244026"},{"taxonomy":"product_cat","embeddable":true,"href":"https:\/\/explorial.com\/fr\/wp-json\/wp\/v2\/product_cat?post=244026"},{"taxonomy":"product_tag","embeddable":true,"href":"https:\/\/explorial.com\/fr\/wp-json\/wp\/v2\/product_tag?post=244026"}],"curies":[{"name":"wp","href":"https:\/\/api.w.org\/{rel}","templated":true}]}}