{"id":238319,"date":"2024-05-24T14:24:00","date_gmt":"2024-05-24T14:24:00","guid":{"rendered":"https:\/\/explorial.com\/trails\/tour-de-ville-glasgow-1\/"},"modified":"2024-05-27T15:07:45","modified_gmt":"2024-05-27T15:07:45","slug":"tour-de-ville-glasgow-1","status":"publish","type":"product","link":"https:\/\/explorial.com\/fr\/trails\/tour-de-ville-glasgow-1\/","title":{"rendered":"Glasgow"},"content":{"rendered":"","protected":false},"excerpt":{"rendered":"","protected":false},"featured_media":243016,"comment_status":"open","ping_status":"closed","template":"","meta":{"_acf_changed":false},"product_brand":[],"product_cat":[3340,1618],"product_tag":[3332],"class_list":{"0":"post-238319","1":"product","2":"type-product","3":"status-publish","4":"has-post-thumbnail","6":"product_cat-scotland-fr","7":"product_cat-united-kingdom-fr","8":"product_tag-glasgow-ch","10":"first","11":"instock","12":"sale","13":"taxable","14":"shipping-taxable","15":"purchasable","16":"product-type-variable"},"acf":{"city_name":"Glasgow","city_name_display":"Glasgow","languages":"Anglais","duration":"environ 1,5 \u00e0 2 heures","description_1":"","description_2":"","city_description":"","short_description":"","notes":"","header_image":243010,"highlight_locations":"St Mungo, The Britannia Panopticon Music Hall, Glasgow Cathedral","additional_wheelchair":"Malheureusement, cette piste n\u2019est que partiellement adapt\u00e9e aux fauteuils roulants et aux poussettes en raison de ses pentes et de ses escaliers. Cependant, la piste peut \u00eatre jou\u00e9e, mais certains endroits peuvent \u00eatre plus difficiles d\u2019acc\u00e8s.","voucher_link":"","start_location_coordinates":"55.85091, -4.23458","start_location_name":"Behind WEST Brewery","start_location_address":"Binnie Pl, Glasgow G40 1AW, United Kingdom","end_location_name":"","partner_object":null},"_links":{"self":[{"href":"https:\/\/explorial.com\/fr\/wp-json\/wp\/v2\/product\/238319","targetHints":{"allow":["GET"]}}],"collection":[{"href":"https:\/\/explorial.com\/fr\/wp-json\/wp\/v2\/product"}],"about":[{"href":"https:\/\/explorial.com\/fr\/wp-json\/wp\/v2\/types\/product"}],"replies":[{"embeddable":true,"href":"https:\/\/explorial.com\/fr\/wp-json\/wp\/v2\/comments?post=238319"}],"wp:featuredmedia":[{"embeddable":true,"href":"https:\/\/explorial.com\/fr\/wp-json\/wp\/v2\/media\/243016"}],"wp:attachment":[{"href":"https:\/\/explorial.com\/fr\/wp-json\/wp\/v2\/media?parent=238319"}],"wp:term":[{"taxonomy":"product_brand","embeddable":true,"href":"https:\/\/explorial.com\/fr\/wp-json\/wp\/v2\/product_brand?post=238319"},{"taxonomy":"product_cat","embeddable":true,"href":"https:\/\/explorial.com\/fr\/wp-json\/wp\/v2\/product_cat?post=238319"},{"taxonomy":"product_tag","embeddable":true,"href":"https:\/\/explorial.com\/fr\/wp-json\/wp\/v2\/product_tag?post=238319"}],"curies":[{"name":"wp","href":"https:\/\/api.w.org\/{rel}","templated":true}]}}