{"id":235552,"date":"2024-05-14T12:21:51","date_gmt":"2024-05-14T12:21:51","guid":{"rendered":"https:\/\/explorial.com\/trails\/tour-de-ville-udine-1\/"},"modified":"2024-09-17T12:54:40","modified_gmt":"2024-09-17T12:54:40","slug":"tour-de-ville-udine-1","status":"publish","type":"product","link":"https:\/\/explorial.com\/fr\/trails\/tour-de-ville-udine-1\/","title":{"rendered":"Udine"},"content":{"rendered":"","protected":false},"excerpt":{"rendered":"","protected":false},"featured_media":235648,"comment_status":"open","ping_status":"closed","template":"","meta":{"_acf_changed":false},"product_brand":[],"product_cat":[2000,1436],"product_tag":[3310],"class_list":{"0":"post-235552","1":"product","2":"type-product","3":"status-publish","4":"has-post-thumbnail","6":"product_cat-friuli-venezia-giulia-fr","7":"product_cat-italy-fr","8":"product_tag-udine-fr","10":"first","11":"instock","12":"sale","13":"taxable","14":"shipping-taxable","15":"purchasable","16":"product-type-variable"},"acf":{"city_name":"Udine","city_name_display":"Udine","languages":"Italien, Anglais","duration":"environ 1,5 \u00e0 2 heures","description_1":"","description_2":"","city_description":"","short_description":"","notes":"","header_image":235642,"highlight_locations":"Casa Veneziana, Porta Manin, Ex Chiesa di San Francesco","additional_wheelchair":"Malheureusement, cette piste n\u2019est que partiellement adapt\u00e9e aux fauteuils roulants et aux poussettes en raison de ses pentes et de ses escaliers. Cependant, la piste peut \u00eatre jou\u00e9e, mais certains endroits peuvent \u00eatre plus difficiles d\u2019acc\u00e8s.","voucher_link":"","start_location_coordinates":"46.06597, 13.23777","start_location_name":"Zardin Grant","start_location_address":"Piazza I Maggio, 33100 Udine, Italia","end_location_name":"Castello","partner_object":null},"_links":{"self":[{"href":"https:\/\/explorial.com\/fr\/wp-json\/wp\/v2\/product\/235552","targetHints":{"allow":["GET"]}}],"collection":[{"href":"https:\/\/explorial.com\/fr\/wp-json\/wp\/v2\/product"}],"about":[{"href":"https:\/\/explorial.com\/fr\/wp-json\/wp\/v2\/types\/product"}],"replies":[{"embeddable":true,"href":"https:\/\/explorial.com\/fr\/wp-json\/wp\/v2\/comments?post=235552"}],"wp:featuredmedia":[{"embeddable":true,"href":"https:\/\/explorial.com\/fr\/wp-json\/wp\/v2\/media\/235648"}],"wp:attachment":[{"href":"https:\/\/explorial.com\/fr\/wp-json\/wp\/v2\/media?parent=235552"}],"wp:term":[{"taxonomy":"product_brand","embeddable":true,"href":"https:\/\/explorial.com\/fr\/wp-json\/wp\/v2\/product_brand?post=235552"},{"taxonomy":"product_cat","embeddable":true,"href":"https:\/\/explorial.com\/fr\/wp-json\/wp\/v2\/product_cat?post=235552"},{"taxonomy":"product_tag","embeddable":true,"href":"https:\/\/explorial.com\/fr\/wp-json\/wp\/v2\/product_tag?post=235552"}],"curies":[{"name":"wp","href":"https:\/\/api.w.org\/{rel}","templated":true}]}}