{"id":233733,"date":"2024-05-10T09:24:00","date_gmt":"2024-05-10T09:24:00","guid":{"rendered":"https:\/\/explorial.com\/trails\/tour-de-ville-vienne-3\/"},"modified":"2024-09-09T08:51:26","modified_gmt":"2024-09-09T08:51:26","slug":"tour-de-ville-vienne-3","status":"publish","type":"product","link":"https:\/\/explorial.com\/fr\/trails\/tour-de-ville-vienne-3\/","title":{"rendered":"Vienne (Prater)"},"content":{"rendered":"","protected":false},"excerpt":{"rendered":"","protected":false},"featured_media":282566,"comment_status":"open","ping_status":"closed","template":"","meta":{"_acf_changed":false},"product_brand":[],"product_cat":[2142,3302],"product_tag":[3296],"class_list":{"0":"post-233733","1":"product","2":"type-product","3":"status-publish","4":"has-post-thumbnail","6":"product_cat-austria-fr","7":"product_cat-vienna-region-fr","8":"product_tag-vienna-fr","10":"first","11":"instock","12":"sale","13":"taxable","14":"shipping-taxable","15":"purchasable","16":"product-type-variable"},"acf":{"city_name":"Vienne","city_name_display":"Vienne (Prater)","languages":"Allemand, Anglais","duration":"environ 1,5 \u00e0 2 heures","description_1":"","description_2":"","city_description":"","short_description":"","notes":"","header_image":282560,"highlight_locations":"Republik Kugelmugel, Riesenrad, Wurstelprater","additional_wheelchair":"Malheureusement, cette piste n\u2019est que partiellement adapt\u00e9e aux fauteuils roulants et aux poussettes en raison de ses pentes et de ses escaliers. Cependant, la piste peut \u00eatre jou\u00e9e, mais certains endroits peuvent \u00eatre plus difficiles d\u2019acc\u00e8s.","voucher_link":"","start_location_coordinates":"48.2181, 16.393","start_location_name":"Praterstern","start_location_address":"U-Bahn-Haltestelle Praterstern, 1020 Wien, \u00d6sterreich","end_location_name":"Hochschaubahn","partner_object":null},"_links":{"self":[{"href":"https:\/\/explorial.com\/fr\/wp-json\/wp\/v2\/product\/233733","targetHints":{"allow":["GET"]}}],"collection":[{"href":"https:\/\/explorial.com\/fr\/wp-json\/wp\/v2\/product"}],"about":[{"href":"https:\/\/explorial.com\/fr\/wp-json\/wp\/v2\/types\/product"}],"replies":[{"embeddable":true,"href":"https:\/\/explorial.com\/fr\/wp-json\/wp\/v2\/comments?post=233733"}],"wp:featuredmedia":[{"embeddable":true,"href":"https:\/\/explorial.com\/fr\/wp-json\/wp\/v2\/media\/282566"}],"wp:attachment":[{"href":"https:\/\/explorial.com\/fr\/wp-json\/wp\/v2\/media?parent=233733"}],"wp:term":[{"taxonomy":"product_brand","embeddable":true,"href":"https:\/\/explorial.com\/fr\/wp-json\/wp\/v2\/product_brand?post=233733"},{"taxonomy":"product_cat","embeddable":true,"href":"https:\/\/explorial.com\/fr\/wp-json\/wp\/v2\/product_cat?post=233733"},{"taxonomy":"product_tag","embeddable":true,"href":"https:\/\/explorial.com\/fr\/wp-json\/wp\/v2\/product_tag?post=233733"}],"curies":[{"name":"wp","href":"https:\/\/api.w.org\/{rel}","templated":true}]}}