{"id":229376,"date":"2024-05-07T14:02:40","date_gmt":"2024-05-07T14:02:40","guid":{"rendered":"https:\/\/explorial.com\/trails\/tour-de-ville-bruxelles-1\/"},"modified":"2024-08-20T07:23:39","modified_gmt":"2024-08-20T07:23:39","slug":"tour-de-ville-bruxelles-1","status":"publish","type":"product","link":"https:\/\/explorial.com\/fr\/trails\/tour-de-ville-bruxelles-1\/","title":{"rendered":"Bruxelles (Quartier europ\u00e9en)"},"content":{"rendered":"","protected":false},"excerpt":{"rendered":"","protected":false},"featured_media":277589,"comment_status":"open","ping_status":"closed","template":"","meta":{"_acf_changed":false},"product_brand":[],"product_cat":[3277,3283],"product_tag":[],"class_list":{"0":"post-229376","1":"product","2":"type-product","3":"status-publish","4":"has-post-thumbnail","6":"product_cat-belgium-fr","7":"product_cat-brussels-capital-region-fr","9":"first","10":"instock","11":"sale","12":"taxable","13":"shipping-taxable","14":"purchasable","15":"product-type-variable"},"acf":{"city_name":"Bruxelles","city_name_display":"Bruxelles (Quartier europ\u00e9en)","languages":"Anglais, Fran\u00e7ais","duration":"environ 1,5 \u00e0 2 heures","description_1":"","description_2":"","city_description":"Bruxelles, capitale de la Belgique, est une ville remarquable. Depuis la Seconde Guerre mondiale, elle est devenue un centre important de la politique internationale. Bien qu'elle soit une m\u00e9tropole anim\u00e9e, elle offre aussi la tranquillit\u00e9 et poss\u00e8de un charme unique. Bruxelles abrite les principales institutions de l'Union europ\u00e9enne, concentr\u00e9es dans ce que l'on appelle le \u00ab\u00a0quartier europ\u00e9en\u00a0\u00bb. Il y a tant \u00e0 d\u00e9couvrir sur l'histoire et la culture de cette ville fascinante.","short_description":"","notes":"","header_image":277577,"highlight_locations":"Parlement europ\u00e9en, Le Berlaymont, Parc du Cinquantenaire","additional_wheelchair":"Malheureusement, cette piste n\u2019est que partiellement adapt\u00e9e aux fauteuils roulants et aux poussettes en raison de ses pentes et de ses escaliers. Cependant, la piste peut \u00eatre jou\u00e9e, mais certains endroits peuvent \u00eatre plus difficiles d\u2019acc\u00e8s.","voucher_link":"","start_location_coordinates":"50.83937, 4.37205","start_location_name":"Quartier europ\u00e9en de Bruxelles: Rue du Luxembourg","start_location_address":"Rue du Luxembourg 68, 1000, Belgique","end_location_name":"Parc du Cinquantenaire","partner_object":null},"_links":{"self":[{"href":"https:\/\/explorial.com\/fr\/wp-json\/wp\/v2\/product\/229376","targetHints":{"allow":["GET"]}}],"collection":[{"href":"https:\/\/explorial.com\/fr\/wp-json\/wp\/v2\/product"}],"about":[{"href":"https:\/\/explorial.com\/fr\/wp-json\/wp\/v2\/types\/product"}],"replies":[{"embeddable":true,"href":"https:\/\/explorial.com\/fr\/wp-json\/wp\/v2\/comments?post=229376"}],"wp:featuredmedia":[{"embeddable":true,"href":"https:\/\/explorial.com\/fr\/wp-json\/wp\/v2\/media\/277589"}],"wp:attachment":[{"href":"https:\/\/explorial.com\/fr\/wp-json\/wp\/v2\/media?parent=229376"}],"wp:term":[{"taxonomy":"product_brand","embeddable":true,"href":"https:\/\/explorial.com\/fr\/wp-json\/wp\/v2\/product_brand?post=229376"},{"taxonomy":"product_cat","embeddable":true,"href":"https:\/\/explorial.com\/fr\/wp-json\/wp\/v2\/product_cat?post=229376"},{"taxonomy":"product_tag","embeddable":true,"href":"https:\/\/explorial.com\/fr\/wp-json\/wp\/v2\/product_tag?post=229376"}],"curies":[{"name":"wp","href":"https:\/\/api.w.org\/{rel}","templated":true}]}}