{"id":228195,"date":"2024-05-03T11:07:48","date_gmt":"2024-05-03T11:07:48","guid":{"rendered":"https:\/\/explorial.com\/trails\/tour-de-ville-goa-1\/"},"modified":"2024-09-09T15:15:31","modified_gmt":"2024-09-09T15:15:31","slug":"tour-de-ville-goa-1","status":"publish","type":"product","link":"https:\/\/explorial.com\/fr\/trails\/tour-de-ville-goa-1\/","title":{"rendered":"Goa"},"content":{"rendered":"","protected":false},"excerpt":{"rendered":"","protected":false},"featured_media":234278,"comment_status":"open","ping_status":"closed","template":"","meta":{"_acf_changed":false},"product_brand":[],"product_cat":[3203,1363],"product_tag":[3195],"class_list":{"0":"post-228195","1":"product","2":"type-product","3":"status-publish","4":"has-post-thumbnail","6":"product_cat-goa-fr","7":"product_cat-india-fr","8":"product_tag-goa-es","10":"first","11":"instock","12":"sale","13":"taxable","14":"shipping-taxable","15":"purchasable","16":"product-type-variable"},"acf":{"city_name":"Goa","city_name_display":"Goa","languages":"Anglais","duration":"environ 1,5 \u00e0 2 heures","description_1":"","description_2":"","city_description":"","short_description":"","notes":"","header_image":234272,"highlight_locations":"St. Cajetan Church, Chapel of St. Catherine of Alexandria, Catholic Church of St. Francis of Assisi","additional_wheelchair":"Malheureusement, cette piste n\u2019est que partiellement adapt\u00e9e aux fauteuils roulants et aux poussettes en raison de ses pentes et de ses escaliers. Cependant, la piste peut \u00eatre jou\u00e9e, mais certains endroits peuvent \u00eatre plus difficiles d\u2019acc\u00e8s.","voucher_link":"","start_location_coordinates":"15.5065, 73.91341","start_location_name":"Diwar Ferry Terminal","start_location_address":"GW47+J9J, Velha Goa, Goa 403402","end_location_name":"Mill Stones of Gun Powder Factory","partner_object":null},"_links":{"self":[{"href":"https:\/\/explorial.com\/fr\/wp-json\/wp\/v2\/product\/228195","targetHints":{"allow":["GET"]}}],"collection":[{"href":"https:\/\/explorial.com\/fr\/wp-json\/wp\/v2\/product"}],"about":[{"href":"https:\/\/explorial.com\/fr\/wp-json\/wp\/v2\/types\/product"}],"replies":[{"embeddable":true,"href":"https:\/\/explorial.com\/fr\/wp-json\/wp\/v2\/comments?post=228195"}],"wp:featuredmedia":[{"embeddable":true,"href":"https:\/\/explorial.com\/fr\/wp-json\/wp\/v2\/media\/234278"}],"wp:attachment":[{"href":"https:\/\/explorial.com\/fr\/wp-json\/wp\/v2\/media?parent=228195"}],"wp:term":[{"taxonomy":"product_brand","embeddable":true,"href":"https:\/\/explorial.com\/fr\/wp-json\/wp\/v2\/product_brand?post=228195"},{"taxonomy":"product_cat","embeddable":true,"href":"https:\/\/explorial.com\/fr\/wp-json\/wp\/v2\/product_cat?post=228195"},{"taxonomy":"product_tag","embeddable":true,"href":"https:\/\/explorial.com\/fr\/wp-json\/wp\/v2\/product_tag?post=228195"}],"curies":[{"name":"wp","href":"https:\/\/api.w.org\/{rel}","templated":true}]}}