{"id":215192,"date":"2024-04-22T15:51:35","date_gmt":"2024-04-22T15:51:35","guid":{"rendered":"https:\/\/explorial.com\/trails\/tour-de-ville-cannes-1\/"},"modified":"2024-09-17T09:29:23","modified_gmt":"2024-09-17T09:29:23","slug":"tour-de-ville-cannes-1","status":"publish","type":"product","link":"https:\/\/explorial.com\/fr\/trails\/tour-de-ville-cannes-1\/","title":{"rendered":"Cannes"},"content":{"rendered":"","protected":false},"excerpt":{"rendered":"","protected":false},"featured_media":214615,"comment_status":"open","ping_status":"closed","template":"","meta":{"_acf_changed":false},"product_brand":[],"product_cat":[1125,1126],"product_tag":[3161],"class_list":{"0":"post-215192","1":"product","2":"type-product","3":"status-publish","4":"has-post-thumbnail","6":"product_cat-france-fr","7":"product_cat-provence-alpes-cote-dazur-fr","8":"product_tag-cannes-fr","10":"first","11":"instock","12":"sale","13":"taxable","14":"shipping-taxable","15":"purchasable","16":"product-type-variable"},"acf":{"city_name":"Cannes","city_name_display":"Cannes","languages":"Anglais, Fran\u00e7ais","duration":"environ 1,5 \u00e0 2 heures","description_1":"","description_2":"","city_description":"Cannes est une ville carrefour entre culture, histoire, plages \u00e9blouissantes et luxe. Magnifiquement situ\u00e9e entre une mer bleue azur et des collines, c\u2019est une ville \u00e0 l\u2019atmosph\u00e8re glamour attirant des voyageurs du monde. Que \u00e7a soit \u00e0 l\u2019occasion d\u2019un \u00e9v\u00e8nement culturel, tel le festival de Cannes, pour venir profiter des magnifiques plages de sable fin ou encore pour fl\u00e2ner le long du bord de mer, sur la fameuse Croisette. Cannes saura sans aucune doute vous s\u00e9duire, il y en a pour tous les go\u00fbts. ","short_description":"","notes":"","header_image":214608,"highlight_locations":"Palais des Festivals et des Congr\u00e8s, Le Mur Peint - Cin\u00e9ma Cannes , Statue du Lord Brougham ","additional_wheelchair":"Malheureusement, cette piste n\u2019est que partiellement adapt\u00e9e aux fauteuils roulants et aux poussettes en raison de ses pentes et de ses escaliers. Cependant, la piste peut \u00eatre jou\u00e9e, mais certains endroits peuvent \u00eatre plus difficiles d\u2019acc\u00e8s.","voucher_link":"","start_location_coordinates":"43.54907, 7.02687","start_location_name":"Jet\u00e9e du Carlton H\u00f4tel","start_location_address":"Bd de la Croisette, 06400 Cannes","end_location_name":"Statue de Notre Dame de l'Esp\u00e9rance ","partner_object":null},"_links":{"self":[{"href":"https:\/\/explorial.com\/fr\/wp-json\/wp\/v2\/product\/215192","targetHints":{"allow":["GET"]}}],"collection":[{"href":"https:\/\/explorial.com\/fr\/wp-json\/wp\/v2\/product"}],"about":[{"href":"https:\/\/explorial.com\/fr\/wp-json\/wp\/v2\/types\/product"}],"replies":[{"embeddable":true,"href":"https:\/\/explorial.com\/fr\/wp-json\/wp\/v2\/comments?post=215192"}],"wp:featuredmedia":[{"embeddable":true,"href":"https:\/\/explorial.com\/fr\/wp-json\/wp\/v2\/media\/214615"}],"wp:attachment":[{"href":"https:\/\/explorial.com\/fr\/wp-json\/wp\/v2\/media?parent=215192"}],"wp:term":[{"taxonomy":"product_brand","embeddable":true,"href":"https:\/\/explorial.com\/fr\/wp-json\/wp\/v2\/product_brand?post=215192"},{"taxonomy":"product_cat","embeddable":true,"href":"https:\/\/explorial.com\/fr\/wp-json\/wp\/v2\/product_cat?post=215192"},{"taxonomy":"product_tag","embeddable":true,"href":"https:\/\/explorial.com\/fr\/wp-json\/wp\/v2\/product_tag?post=215192"}],"curies":[{"name":"wp","href":"https:\/\/api.w.org\/{rel}","templated":true}]}}