{"id":214919,"date":"2024-04-22T15:51:06","date_gmt":"2024-04-22T15:51:06","guid":{"rendered":"https:\/\/explorial.com\/trails\/tour-de-ville-antibes-1\/"},"modified":"2024-09-17T09:26:05","modified_gmt":"2024-09-17T09:26:05","slug":"tour-de-ville-antibes-1","status":"publish","type":"product","link":"https:\/\/explorial.com\/fr\/trails\/tour-de-ville-antibes-1\/","title":{"rendered":"Antibes"},"content":{"rendered":"","protected":false},"excerpt":{"rendered":"","protected":false},"featured_media":214530,"comment_status":"open","ping_status":"closed","template":"","meta":{"_acf_changed":false},"product_brand":[],"product_cat":[1125,1126],"product_tag":[3155],"class_list":{"0":"post-214919","1":"product","2":"type-product","3":"status-publish","4":"has-post-thumbnail","6":"product_cat-france-fr","7":"product_cat-provence-alpes-cote-dazur-fr","8":"product_tag-antibes-fr","10":"first","11":"instock","12":"sale","13":"taxable","14":"shipping-taxable","15":"purchasable","16":"product-type-variable"},"acf":{"city_name":"Antibes","city_name_display":"Antibes","languages":"Fran\u00e7ais, Anglais","duration":"environ 1,5 \u00e0 2 heures","description_1":"","description_2":"","city_description":"La ville d\u2019Antibes est un m\u00e9lange unique entre histoire, culture et splendides plages c\u00f4ti\u00e8res. Son centre historique est charmant, un entrelacement de ruelles \u00e9troites et b\u00e2timents pittoresques. R\u00e9put\u00e9 pour avoir le plus important port de plaisance de la C\u00f4te d\u2019Azur, Antibes offre de magnifiques points de vue sur les Alpes et la mer de part et d'autre de sa fortification. Une visite s\u2019impose.","short_description":"","notes":"","header_image":216209,"highlight_locations":"Carte d\u2019Antibes, Le March\u00e9 Couvert, Cath\u00e9drale Notre-Dame de l'Immacul\u00e9e Conception","additional_wheelchair":"Malheureusement, cette piste n\u2019est que partiellement adapt\u00e9e aux fauteuils roulants et aux poussettes en raison de ses pentes et de ses escaliers. Cependant, la piste peut \u00eatre jou\u00e9e, mais certains endroits peuvent \u00eatre plus difficiles d\u2019acc\u00e8s.","voucher_link":"","start_location_coordinates":"43.58371, 7.1274","start_location_name":"Oeuvre d\u2019art : Aveugle","start_location_address":"Esplanade Jean Moulin, 06600 Antibes","end_location_name":"Le March\u00e9 Couvert","partner_object":null},"_links":{"self":[{"href":"https:\/\/explorial.com\/fr\/wp-json\/wp\/v2\/product\/214919","targetHints":{"allow":["GET"]}}],"collection":[{"href":"https:\/\/explorial.com\/fr\/wp-json\/wp\/v2\/product"}],"about":[{"href":"https:\/\/explorial.com\/fr\/wp-json\/wp\/v2\/types\/product"}],"replies":[{"embeddable":true,"href":"https:\/\/explorial.com\/fr\/wp-json\/wp\/v2\/comments?post=214919"}],"wp:featuredmedia":[{"embeddable":true,"href":"https:\/\/explorial.com\/fr\/wp-json\/wp\/v2\/media\/214530"}],"wp:attachment":[{"href":"https:\/\/explorial.com\/fr\/wp-json\/wp\/v2\/media?parent=214919"}],"wp:term":[{"taxonomy":"product_brand","embeddable":true,"href":"https:\/\/explorial.com\/fr\/wp-json\/wp\/v2\/product_brand?post=214919"},{"taxonomy":"product_cat","embeddable":true,"href":"https:\/\/explorial.com\/fr\/wp-json\/wp\/v2\/product_cat?post=214919"},{"taxonomy":"product_tag","embeddable":true,"href":"https:\/\/explorial.com\/fr\/wp-json\/wp\/v2\/product_tag?post=214919"}],"curies":[{"name":"wp","href":"https:\/\/api.w.org\/{rel}","templated":true}]}}