{"id":214233,"date":"2024-04-22T14:28:12","date_gmt":"2024-04-22T14:28:12","guid":{"rendered":"https:\/\/explorial.com\/trails\/tour-de-ville-perouse-1\/"},"modified":"2024-11-19T16:01:19","modified_gmt":"2024-11-19T16:01:19","slug":"tour-de-ville-perouse-1","status":"publish","type":"product","link":"https:\/\/explorial.com\/fr\/trails\/tour-de-ville-perouse-1\/","title":{"rendered":"P\u00e9rouse"},"content":{"rendered":"","protected":false},"excerpt":{"rendered":"","protected":false},"featured_media":292149,"comment_status":"open","ping_status":"closed","template":"","meta":{"_acf_changed":false},"product_brand":[],"product_cat":[1436,3148],"product_tag":[3142],"class_list":{"0":"post-214233","1":"product","2":"type-product","3":"status-publish","4":"has-post-thumbnail","6":"product_cat-italy-fr","7":"product_cat-umbria-fr","8":"product_tag-perugia-es","10":"first","11":"instock","12":"sale","13":"taxable","14":"shipping-taxable","15":"purchasable","16":"product-type-variable"},"acf":{"city_name":"P\u00e9rouse","city_name_display":"P\u00e9rouse","languages":"Anglais, Italien","duration":"environ 1,5 \u00e0 2 heures","description_1":"","description_2":"","city_description":"","short_description":"","notes":"","header_image":292143,"highlight_locations":"Arco Etrusco, Oratorio di San Bernardino, Acquedotto medievale","additional_wheelchair":"Malheureusement, cette piste n\u2019est que partiellement adapt\u00e9e aux fauteuils roulants et aux poussettes en raison de ses pentes et de ses escaliers. Cependant, la piste peut \u00eatre jou\u00e9e, mais certains endroits peuvent \u00eatre plus difficiles d\u2019acc\u00e8s.","voucher_link":"","start_location_coordinates":"43.11391, 12.39059","start_location_name":"Porta Sole","start_location_address":"Via delle Prome 20, 06122 Perugia, Italia","end_location_name":"Pozzo Etrusco","partner_object":null},"_links":{"self":[{"href":"https:\/\/explorial.com\/fr\/wp-json\/wp\/v2\/product\/214233","targetHints":{"allow":["GET"]}}],"collection":[{"href":"https:\/\/explorial.com\/fr\/wp-json\/wp\/v2\/product"}],"about":[{"href":"https:\/\/explorial.com\/fr\/wp-json\/wp\/v2\/types\/product"}],"replies":[{"embeddable":true,"href":"https:\/\/explorial.com\/fr\/wp-json\/wp\/v2\/comments?post=214233"}],"wp:featuredmedia":[{"embeddable":true,"href":"https:\/\/explorial.com\/fr\/wp-json\/wp\/v2\/media\/292149"}],"wp:attachment":[{"href":"https:\/\/explorial.com\/fr\/wp-json\/wp\/v2\/media?parent=214233"}],"wp:term":[{"taxonomy":"product_brand","embeddable":true,"href":"https:\/\/explorial.com\/fr\/wp-json\/wp\/v2\/product_brand?post=214233"},{"taxonomy":"product_cat","embeddable":true,"href":"https:\/\/explorial.com\/fr\/wp-json\/wp\/v2\/product_cat?post=214233"},{"taxonomy":"product_tag","embeddable":true,"href":"https:\/\/explorial.com\/fr\/wp-json\/wp\/v2\/product_tag?post=214233"}],"curies":[{"name":"wp","href":"https:\/\/api.w.org\/{rel}","templated":true}]}}