{"id":213445,"date":"2024-04-22T10:04:29","date_gmt":"2024-04-22T10:04:29","guid":{"rendered":"https:\/\/explorial.com\/trails\/tour-de-ville-arezzo-1\/"},"modified":"2024-09-17T12:32:40","modified_gmt":"2024-09-17T12:32:40","slug":"tour-de-ville-arezzo-1","status":"publish","type":"product","link":"https:\/\/explorial.com\/fr\/trails\/tour-de-ville-arezzo-1\/","title":{"rendered":"Arezzo"},"content":{"rendered":"","protected":false},"excerpt":{"rendered":"","protected":false},"featured_media":213780,"comment_status":"open","ping_status":"closed","template":"","meta":{"_acf_changed":false},"product_brand":[],"product_cat":[1436,1882],"product_tag":[3131],"class_list":{"0":"post-213445","1":"product","2":"type-product","3":"status-publish","4":"has-post-thumbnail","6":"product_cat-italy-fr","7":"product_cat-tuscany-fr","8":"product_tag-arezzo-fr","10":"first","11":"instock","12":"sale","13":"taxable","14":"shipping-taxable","15":"purchasable","16":"product-type-variable"},"acf":{"city_name":"Arezzo","city_name_display":"Arezzo","languages":"Anglais, Italien","duration":"environ 1,5 \u00e0 2 heures","description_1":"","description_2":"","city_description":"","short_description":"","notes":"","header_image":213774,"highlight_locations":"Chiesa di Santa Maria della Pieve, Chiesa di San Domenico, Palazzo Pretorio","additional_wheelchair":"Malheureusement, cette piste n\u2019est que partiellement adapt\u00e9e aux fauteuils roulants et aux poussettes en raison de ses pentes et de ses escaliers. Cependant, la piste peut \u00eatre jou\u00e9e, mais certains endroits peuvent \u00eatre plus difficiles d\u2019acc\u00e8s.","voucher_link":"","start_location_coordinates":"43.46939, 11.88247","start_location_name":"Porta Pozzuolo","start_location_address":"Via Giuseppe Pietri 41B, 52100 Arezzo, Italia","end_location_name":"Fortezza Medicea","partner_object":null},"_links":{"self":[{"href":"https:\/\/explorial.com\/fr\/wp-json\/wp\/v2\/product\/213445","targetHints":{"allow":["GET"]}}],"collection":[{"href":"https:\/\/explorial.com\/fr\/wp-json\/wp\/v2\/product"}],"about":[{"href":"https:\/\/explorial.com\/fr\/wp-json\/wp\/v2\/types\/product"}],"replies":[{"embeddable":true,"href":"https:\/\/explorial.com\/fr\/wp-json\/wp\/v2\/comments?post=213445"}],"wp:featuredmedia":[{"embeddable":true,"href":"https:\/\/explorial.com\/fr\/wp-json\/wp\/v2\/media\/213780"}],"wp:attachment":[{"href":"https:\/\/explorial.com\/fr\/wp-json\/wp\/v2\/media?parent=213445"}],"wp:term":[{"taxonomy":"product_brand","embeddable":true,"href":"https:\/\/explorial.com\/fr\/wp-json\/wp\/v2\/product_brand?post=213445"},{"taxonomy":"product_cat","embeddable":true,"href":"https:\/\/explorial.com\/fr\/wp-json\/wp\/v2\/product_cat?post=213445"},{"taxonomy":"product_tag","embeddable":true,"href":"https:\/\/explorial.com\/fr\/wp-json\/wp\/v2\/product_tag?post=213445"}],"curies":[{"name":"wp","href":"https:\/\/api.w.org\/{rel}","templated":true}]}}