{"id":212367,"date":"2024-04-16T10:16:52","date_gmt":"2024-04-16T10:16:52","guid":{"rendered":"https:\/\/explorial.com\/trails\/tour-de-ville-durham-1\/"},"modified":"2024-09-10T12:04:13","modified_gmt":"2024-09-10T12:04:13","slug":"tour-de-ville-durham-1","status":"publish","type":"product","link":"https:\/\/explorial.com\/fr\/trails\/tour-de-ville-durham-1\/","title":{"rendered":"Durham"},"content":{"rendered":"","protected":false},"excerpt":{"rendered":"","protected":false},"featured_media":242815,"comment_status":"open","ping_status":"closed","template":"","meta":{"_acf_changed":false},"product_brand":[],"product_cat":[3124,1618],"product_tag":[3116],"class_list":{"0":"post-212367","1":"product","2":"type-product","3":"status-publish","4":"has-post-thumbnail","6":"product_cat-north-east-fr","7":"product_cat-united-kingdom-fr","8":"product_tag-durham-ch","10":"first","11":"instock","12":"sale","13":"taxable","14":"shipping-taxable","15":"purchasable","16":"product-type-variable"},"acf":{"city_name":"Durham","city_name_display":"Durham","languages":"Anglais","duration":"environ 1,5 \u00e0 2 heures","description_1":"","description_2":"","city_description":"","short_description":"","notes":"","header_image":242809,"highlight_locations":"St Nicholas\u2019 Church, Durham Castle, Sewer Lamp","additional_wheelchair":"Malheureusement, cette piste n\u2019est que partiellement adapt\u00e9e aux fauteuils roulants et aux poussettes en raison de ses pentes et de ses escaliers. Cependant, la piste peut \u00eatre jou\u00e9e, mais certains endroits peuvent \u00eatre plus difficiles d\u2019acc\u00e8s.","voucher_link":"","start_location_coordinates":"54.77808, -1.57532","start_location_name":"Clayport Library","start_location_address":"Millenium Place, Durham, DH1 1WA","end_location_name":"Oriental Museum","partner_object":null},"_links":{"self":[{"href":"https:\/\/explorial.com\/fr\/wp-json\/wp\/v2\/product\/212367","targetHints":{"allow":["GET"]}}],"collection":[{"href":"https:\/\/explorial.com\/fr\/wp-json\/wp\/v2\/product"}],"about":[{"href":"https:\/\/explorial.com\/fr\/wp-json\/wp\/v2\/types\/product"}],"replies":[{"embeddable":true,"href":"https:\/\/explorial.com\/fr\/wp-json\/wp\/v2\/comments?post=212367"}],"wp:featuredmedia":[{"embeddable":true,"href":"https:\/\/explorial.com\/fr\/wp-json\/wp\/v2\/media\/242815"}],"wp:attachment":[{"href":"https:\/\/explorial.com\/fr\/wp-json\/wp\/v2\/media?parent=212367"}],"wp:term":[{"taxonomy":"product_brand","embeddable":true,"href":"https:\/\/explorial.com\/fr\/wp-json\/wp\/v2\/product_brand?post=212367"},{"taxonomy":"product_cat","embeddable":true,"href":"https:\/\/explorial.com\/fr\/wp-json\/wp\/v2\/product_cat?post=212367"},{"taxonomy":"product_tag","embeddable":true,"href":"https:\/\/explorial.com\/fr\/wp-json\/wp\/v2\/product_tag?post=212367"}],"curies":[{"name":"wp","href":"https:\/\/api.w.org\/{rel}","templated":true}]}}