{"id":212171,"date":"2024-04-16T10:16:25","date_gmt":"2024-04-16T10:16:25","guid":{"rendered":"https:\/\/explorial.com\/trails\/tour-de-ville-york-1\/"},"modified":"2024-05-27T15:09:32","modified_gmt":"2024-05-27T15:09:32","slug":"tour-de-ville-york-1","status":"publish","type":"product","link":"https:\/\/explorial.com\/fr\/trails\/tour-de-ville-york-1\/","title":{"rendered":"York"},"content":{"rendered":"","protected":false},"excerpt":{"rendered":"","protected":false},"featured_media":243115,"comment_status":"open","ping_status":"closed","template":"","meta":{"_acf_changed":false},"product_brand":[],"product_cat":[1618,2842],"product_tag":[3111],"class_list":{"0":"post-212171","1":"product","2":"type-product","3":"status-publish","4":"has-post-thumbnail","6":"product_cat-united-kingdom-fr","7":"product_cat-yorkshire-fr","8":"product_tag-york-es","10":"first","11":"instock","12":"sale","13":"taxable","14":"shipping-taxable","15":"purchasable","16":"product-type-variable"},"acf":{"city_name":"York","city_name_display":"York","languages":"Anglais","duration":"environ 1,5 \u00e0 2 heures","description_1":"","description_2":"","city_description":"","short_description":"","notes":"","header_image":243109,"highlight_locations":"Clifford Tower, York Minster, The Shambles","additional_wheelchair":"Malheureusement, cette piste n\u2019est que partiellement adapt\u00e9e aux fauteuils roulants et aux poussettes en raison de ses pentes et de ses escaliers. Cependant, la piste peut \u00eatre jou\u00e9e, mais certains endroits peuvent \u00eatre plus difficiles d\u2019acc\u00e8s.","voucher_link":"","start_location_coordinates":"53.961304, -1.099862","start_location_name":"Leeman Road","start_location_address":"106 Leeman Rd, York YO26","end_location_name":"","partner_object":null},"_links":{"self":[{"href":"https:\/\/explorial.com\/fr\/wp-json\/wp\/v2\/product\/212171","targetHints":{"allow":["GET"]}}],"collection":[{"href":"https:\/\/explorial.com\/fr\/wp-json\/wp\/v2\/product"}],"about":[{"href":"https:\/\/explorial.com\/fr\/wp-json\/wp\/v2\/types\/product"}],"replies":[{"embeddable":true,"href":"https:\/\/explorial.com\/fr\/wp-json\/wp\/v2\/comments?post=212171"}],"wp:featuredmedia":[{"embeddable":true,"href":"https:\/\/explorial.com\/fr\/wp-json\/wp\/v2\/media\/243115"}],"wp:attachment":[{"href":"https:\/\/explorial.com\/fr\/wp-json\/wp\/v2\/media?parent=212171"}],"wp:term":[{"taxonomy":"product_brand","embeddable":true,"href":"https:\/\/explorial.com\/fr\/wp-json\/wp\/v2\/product_brand?post=212171"},{"taxonomy":"product_cat","embeddable":true,"href":"https:\/\/explorial.com\/fr\/wp-json\/wp\/v2\/product_cat?post=212171"},{"taxonomy":"product_tag","embeddable":true,"href":"https:\/\/explorial.com\/fr\/wp-json\/wp\/v2\/product_tag?post=212171"}],"curies":[{"name":"wp","href":"https:\/\/api.w.org\/{rel}","templated":true}]}}