{"id":195315,"date":"2024-03-18T08:55:43","date_gmt":"2024-03-18T08:55:43","guid":{"rendered":"https:\/\/explorial.com\/trails\/tour-de-ville-ratisbonne-1\/"},"modified":"2024-09-16T12:05:12","modified_gmt":"2024-09-16T12:05:12","slug":"tour-de-ville-ratisbonne-1","status":"publish","type":"product","link":"https:\/\/explorial.com\/fr\/trails\/tour-de-ville-ratisbonne-1\/","title":{"rendered":"Ratisbonne"},"content":{"rendered":"","protected":false},"excerpt":{"rendered":"","protected":false},"featured_media":241894,"comment_status":"open","ping_status":"closed","template":"","meta":{"_acf_changed":false},"product_brand":[],"product_cat":[1136,1143],"product_tag":[3072],"class_list":{"0":"post-195315","1":"product","2":"type-product","3":"status-publish","4":"has-post-thumbnail","6":"product_cat-germany-fr","7":"product_cat-bavaria-fr","8":"product_tag-regensburg-ch","10":"first","11":"instock","12":"sale","13":"taxable","14":"shipping-taxable","15":"purchasable","16":"product-type-variable"},"acf":{"city_name":"Ratisbonne","city_name_display":"Ratisbonne","languages":"Allemand, Anglais","duration":"environ 1,5 \u00e0 2 heures","description_1":"","description_2":"","city_description":"","short_description":"","notes":"","header_image":241888,"highlight_locations":"Dom St. Peter, Weltwunder Steinerne Br\u00fccke, Haidplatz","additional_wheelchair":"Malheureusement, cette piste n\u2019est que partiellement adapt\u00e9e aux fauteuils roulants et aux poussettes en raison de ses pentes et de ses escaliers. Cependant, la piste peut \u00eatre jou\u00e9e, mais certains endroits peuvent \u00eatre plus difficiles d\u2019acc\u00e8s.","voucher_link":"","start_location_coordinates":"49.01606, 12.09317","start_location_name":"Kloster St. Emmeram\/Emmeramsplatz","start_location_address":"Emmeramsplatz, 93047 Regensburg","end_location_name":"Goldener Turm","partner_object":null},"_links":{"self":[{"href":"https:\/\/explorial.com\/fr\/wp-json\/wp\/v2\/product\/195315","targetHints":{"allow":["GET"]}}],"collection":[{"href":"https:\/\/explorial.com\/fr\/wp-json\/wp\/v2\/product"}],"about":[{"href":"https:\/\/explorial.com\/fr\/wp-json\/wp\/v2\/types\/product"}],"replies":[{"embeddable":true,"href":"https:\/\/explorial.com\/fr\/wp-json\/wp\/v2\/comments?post=195315"}],"wp:featuredmedia":[{"embeddable":true,"href":"https:\/\/explorial.com\/fr\/wp-json\/wp\/v2\/media\/241894"}],"wp:attachment":[{"href":"https:\/\/explorial.com\/fr\/wp-json\/wp\/v2\/media?parent=195315"}],"wp:term":[{"taxonomy":"product_brand","embeddable":true,"href":"https:\/\/explorial.com\/fr\/wp-json\/wp\/v2\/product_brand?post=195315"},{"taxonomy":"product_cat","embeddable":true,"href":"https:\/\/explorial.com\/fr\/wp-json\/wp\/v2\/product_cat?post=195315"},{"taxonomy":"product_tag","embeddable":true,"href":"https:\/\/explorial.com\/fr\/wp-json\/wp\/v2\/product_tag?post=195315"}],"curies":[{"name":"wp","href":"https:\/\/api.w.org\/{rel}","templated":true}]}}