{"id":193778,"date":"2024-03-15T12:49:24","date_gmt":"2024-03-15T12:49:24","guid":{"rendered":"https:\/\/explorial.com\/trails\/tour-de-ville-colombo-1\/"},"modified":"2024-09-10T07:38:47","modified_gmt":"2024-09-10T07:38:47","slug":"tour-de-ville-colombo-1","status":"publish","type":"product","link":"https:\/\/explorial.com\/fr\/trails\/tour-de-ville-colombo-1\/","title":{"rendered":"Colombo"},"content":{"rendered":"","protected":false},"excerpt":{"rendered":"","protected":false},"featured_media":193525,"comment_status":"open","ping_status":"closed","template":"","meta":{"_acf_changed":false},"product_brand":[],"product_cat":[3037,2761],"product_tag":[3030],"class_list":{"0":"post-193778","1":"product","2":"type-product","3":"status-publish","4":"has-post-thumbnail","6":"product_cat-western-province-fr","7":"product_cat-sri-lanka-fr","8":"product_tag-colombo-es","10":"first","11":"instock","12":"sale","13":"taxable","14":"shipping-taxable","15":"purchasable","16":"product-type-variable"},"acf":{"city_name":"Colombo","city_name_display":"Colombo","languages":"Anglais","duration":"environ 1,5 \u00e0 2 heures","description_1":"","description_2":"","city_description":"","short_description":"","notes":"","header_image":193519,"highlight_locations":"Nelum Pokuna Art Street, Gangarama Seema Malaka, Colombo National Museum","additional_wheelchair":"Malheureusement, cette piste n\u2019est que partiellement adapt\u00e9e aux fauteuils roulants et aux poussettes en raison de ses pentes et de ses escaliers. Cependant, la piste peut \u00eatre jou\u00e9e, mais certains endroits peuvent \u00eatre plus difficiles d\u2019acc\u00e8s.","voucher_link":"","start_location_coordinates":"6.91824, 79.85409 ","start_location_name":"Gangarama Children\u2019s Park Bridge","start_location_address":"General\u2019s Lake Rd, Colombo 00200, Sri Lanka","end_location_name":"Colombo National Museum","partner_object":null},"_links":{"self":[{"href":"https:\/\/explorial.com\/fr\/wp-json\/wp\/v2\/product\/193778","targetHints":{"allow":["GET"]}}],"collection":[{"href":"https:\/\/explorial.com\/fr\/wp-json\/wp\/v2\/product"}],"about":[{"href":"https:\/\/explorial.com\/fr\/wp-json\/wp\/v2\/types\/product"}],"replies":[{"embeddable":true,"href":"https:\/\/explorial.com\/fr\/wp-json\/wp\/v2\/comments?post=193778"}],"wp:featuredmedia":[{"embeddable":true,"href":"https:\/\/explorial.com\/fr\/wp-json\/wp\/v2\/media\/193525"}],"wp:attachment":[{"href":"https:\/\/explorial.com\/fr\/wp-json\/wp\/v2\/media?parent=193778"}],"wp:term":[{"taxonomy":"product_brand","embeddable":true,"href":"https:\/\/explorial.com\/fr\/wp-json\/wp\/v2\/product_brand?post=193778"},{"taxonomy":"product_cat","embeddable":true,"href":"https:\/\/explorial.com\/fr\/wp-json\/wp\/v2\/product_cat?post=193778"},{"taxonomy":"product_tag","embeddable":true,"href":"https:\/\/explorial.com\/fr\/wp-json\/wp\/v2\/product_tag?post=193778"}],"curies":[{"name":"wp","href":"https:\/\/api.w.org\/{rel}","templated":true}]}}