{"id":187923,"date":"2024-02-14T17:35:32","date_gmt":"2024-02-14T17:35:32","guid":{"rendered":"https:\/\/explorial.com\/trails\/tour-de-ville-pune-1\/"},"modified":"2024-09-09T15:11:33","modified_gmt":"2024-09-09T15:11:33","slug":"tour-de-ville-pune-1","status":"publish","type":"product","link":"https:\/\/explorial.com\/fr\/trails\/tour-de-ville-pune-1\/","title":{"rendered":"Pune"},"content":{"rendered":"","protected":false},"excerpt":{"rendered":"","protected":false},"featured_media":187698,"comment_status":"open","ping_status":"closed","template":"","meta":{"_acf_changed":false},"product_brand":[],"product_cat":[1363,1369],"product_tag":[3007],"class_list":{"0":"post-187923","1":"product","2":"type-product","3":"status-publish","4":"has-post-thumbnail","6":"product_cat-india-fr","7":"product_cat-western-zonal-council-fr","8":"product_tag-pune-ch","10":"first","11":"instock","12":"sale","13":"taxable","14":"shipping-taxable","15":"purchasable","16":"product-type-variable"},"acf":{"city_name":"Pune","city_name_display":"Pune","languages":"Anglais","duration":"environ 1,5 \u00e0 2 heures","description_1":"","description_2":"","city_description":"","short_description":"","notes":"","header_image":187692,"highlight_locations":"Shreemant Dagdusheth Halwai Mandir, Statue of Shrimant Thorle Bajirao Peshwe, Nana Wada","additional_wheelchair":"Malheureusement, cette piste n\u2019est que partiellement adapt\u00e9e aux fauteuils roulants et aux poussettes en raison de ses pentes et de ses escaliers. Cependant, la piste peut \u00eatre jou\u00e9e, mais certains endroits peuvent \u00eatre plus difficiles d\u2019acc\u00e8s.","voucher_link":"","start_location_coordinates":"18.52003, 73.85652","start_location_name":"Sardar Mujumdar Wada","start_location_address":"GVC4+2J6, Durvankur Society, Shobhapur, Kasba Peth, Pune, Maharashtra 411011","end_location_name":"Vishrambaug Wada","partner_object":null},"_links":{"self":[{"href":"https:\/\/explorial.com\/fr\/wp-json\/wp\/v2\/product\/187923","targetHints":{"allow":["GET"]}}],"collection":[{"href":"https:\/\/explorial.com\/fr\/wp-json\/wp\/v2\/product"}],"about":[{"href":"https:\/\/explorial.com\/fr\/wp-json\/wp\/v2\/types\/product"}],"replies":[{"embeddable":true,"href":"https:\/\/explorial.com\/fr\/wp-json\/wp\/v2\/comments?post=187923"}],"wp:featuredmedia":[{"embeddable":true,"href":"https:\/\/explorial.com\/fr\/wp-json\/wp\/v2\/media\/187698"}],"wp:attachment":[{"href":"https:\/\/explorial.com\/fr\/wp-json\/wp\/v2\/media?parent=187923"}],"wp:term":[{"taxonomy":"product_brand","embeddable":true,"href":"https:\/\/explorial.com\/fr\/wp-json\/wp\/v2\/product_brand?post=187923"},{"taxonomy":"product_cat","embeddable":true,"href":"https:\/\/explorial.com\/fr\/wp-json\/wp\/v2\/product_cat?post=187923"},{"taxonomy":"product_tag","embeddable":true,"href":"https:\/\/explorial.com\/fr\/wp-json\/wp\/v2\/product_tag?post=187923"}],"curies":[{"name":"wp","href":"https:\/\/api.w.org\/{rel}","templated":true}]}}