{"id":168742,"date":"2024-01-24T13:18:49","date_gmt":"2024-01-24T13:18:49","guid":{"rendered":"https:\/\/explorial.com\/trails\/tour-de-ville-bregenz-1\/"},"modified":"2024-09-09T09:05:14","modified_gmt":"2024-09-09T09:05:14","slug":"tour-de-ville-bregenz-1","status":"publish","type":"product","link":"https:\/\/explorial.com\/fr\/trails\/tour-de-ville-bregenz-1\/","title":{"rendered":"Bregenz"},"content":{"rendered":"","protected":false},"excerpt":{"rendered":"","protected":false},"featured_media":279802,"comment_status":"open","ping_status":"closed","template":"","meta":{"_acf_changed":false},"product_brand":[],"product_cat":[2142,2915],"product_tag":[2908],"class_list":{"0":"post-168742","1":"product","2":"type-product","3":"status-publish","4":"has-post-thumbnail","6":"product_cat-austria-fr","7":"product_cat-vorarlberg-fr","8":"product_tag-bregenz-ch","10":"first","11":"instock","12":"sale","13":"taxable","14":"shipping-taxable","15":"purchasable","16":"product-type-variable"},"acf":{"city_name":"Bregenz","city_name_display":"Bregenz","languages":"Allemand, Anglais","duration":"environ 1,5 \u00e0 2 heures","description_1":"","description_2":"","city_description":"","short_description":"","notes":"","header_image":279796,"highlight_locations":"Unteres Stadttor (Eingang zur Altstadt), Kapuzinerkloster, Molo","additional_wheelchair":"Malheureusement, cette piste n\u2019est que partiellement adapt\u00e9e aux fauteuils roulants et aux poussettes en raison de ses pentes et de ses escaliers. Cependant, la piste peut \u00eatre jou\u00e9e, mais certains endroits peuvent \u00eatre plus difficiles d\u2019acc\u00e8s.","voucher_link":"","start_location_coordinates":"47.50416, 9.74671","start_location_name":"Kornmarkt","start_location_address":"6900 Bregenz, Austria","end_location_name":"Molo","partner_object":null},"_links":{"self":[{"href":"https:\/\/explorial.com\/fr\/wp-json\/wp\/v2\/product\/168742","targetHints":{"allow":["GET"]}}],"collection":[{"href":"https:\/\/explorial.com\/fr\/wp-json\/wp\/v2\/product"}],"about":[{"href":"https:\/\/explorial.com\/fr\/wp-json\/wp\/v2\/types\/product"}],"replies":[{"embeddable":true,"href":"https:\/\/explorial.com\/fr\/wp-json\/wp\/v2\/comments?post=168742"}],"wp:featuredmedia":[{"embeddable":true,"href":"https:\/\/explorial.com\/fr\/wp-json\/wp\/v2\/media\/279802"}],"wp:attachment":[{"href":"https:\/\/explorial.com\/fr\/wp-json\/wp\/v2\/media?parent=168742"}],"wp:term":[{"taxonomy":"product_brand","embeddable":true,"href":"https:\/\/explorial.com\/fr\/wp-json\/wp\/v2\/product_brand?post=168742"},{"taxonomy":"product_cat","embeddable":true,"href":"https:\/\/explorial.com\/fr\/wp-json\/wp\/v2\/product_cat?post=168742"},{"taxonomy":"product_tag","embeddable":true,"href":"https:\/\/explorial.com\/fr\/wp-json\/wp\/v2\/product_tag?post=168742"}],"curies":[{"name":"wp","href":"https:\/\/api.w.org\/{rel}","templated":true}]}}