{"id":167543,"date":"2024-01-24T13:05:16","date_gmt":"2024-01-24T13:05:16","guid":{"rendered":"https:\/\/explorial.com\/trails\/tour-de-ville-compostelle-1\/"},"modified":"2024-09-17T08:15:05","modified_gmt":"2024-09-17T08:15:05","slug":"tour-de-ville-compostelle-1","status":"publish","type":"product","link":"https:\/\/explorial.com\/fr\/trails\/tour-de-ville-compostelle-1\/","title":{"rendered":"Compostelle"},"content":{"rendered":"","protected":false},"excerpt":{"rendered":"","protected":false},"featured_media":167344,"comment_status":"open","ping_status":"closed","template":"","meta":{"_acf_changed":false},"product_brand":[],"product_cat":[1169,2879],"product_tag":[2885],"class_list":{"0":"post-167543","1":"product","2":"type-product","3":"status-publish","4":"has-post-thumbnail","6":"product_cat-spain-fr","7":"product_cat-galicia-fr","8":"product_tag-santiago-de-compostela-fr","10":"first","11":"instock","12":"sale","13":"taxable","14":"shipping-taxable","15":"purchasable","16":"product-type-variable"},"acf":{"city_name":"Compostelle","city_name_display":"Compostelle","languages":"Espagnol, Anglais","duration":"environ 1,5 \u00e0 2 heures","description_1":"","description_2":"","city_description":"","short_description":"","notes":"","header_image":167338,"highlight_locations":"Parque da Alameda, Praza do Obradoiro, Praza da Quintana","additional_wheelchair":"Malheureusement, cette piste n\u2019est que partiellement adapt\u00e9e aux fauteuils roulants et aux poussettes en raison de ses pentes et de ses escaliers. Cependant, la piste peut \u00eatre jou\u00e9e, mais certains endroits peuvent \u00eatre plus difficiles d\u2019acc\u00e8s.","voucher_link":"","start_location_coordinates":"42.88105, -8.54243","start_location_name":"Zona C - Punto de Informaci\u00f3n Cultural","start_location_address":"Praza de Cervantes, 1, 15704, Espa\u00f1a","end_location_name":"Parque da Alameda","partner_object":null},"_links":{"self":[{"href":"https:\/\/explorial.com\/fr\/wp-json\/wp\/v2\/product\/167543","targetHints":{"allow":["GET"]}}],"collection":[{"href":"https:\/\/explorial.com\/fr\/wp-json\/wp\/v2\/product"}],"about":[{"href":"https:\/\/explorial.com\/fr\/wp-json\/wp\/v2\/types\/product"}],"replies":[{"embeddable":true,"href":"https:\/\/explorial.com\/fr\/wp-json\/wp\/v2\/comments?post=167543"}],"wp:featuredmedia":[{"embeddable":true,"href":"https:\/\/explorial.com\/fr\/wp-json\/wp\/v2\/media\/167344"}],"wp:attachment":[{"href":"https:\/\/explorial.com\/fr\/wp-json\/wp\/v2\/media?parent=167543"}],"wp:term":[{"taxonomy":"product_brand","embeddable":true,"href":"https:\/\/explorial.com\/fr\/wp-json\/wp\/v2\/product_brand?post=167543"},{"taxonomy":"product_cat","embeddable":true,"href":"https:\/\/explorial.com\/fr\/wp-json\/wp\/v2\/product_cat?post=167543"},{"taxonomy":"product_tag","embeddable":true,"href":"https:\/\/explorial.com\/fr\/wp-json\/wp\/v2\/product_tag?post=167543"}],"curies":[{"name":"wp","href":"https:\/\/api.w.org\/{rel}","templated":true}]}}