{"id":167222,"date":"2024-01-24T13:02:42","date_gmt":"2024-01-24T13:02:42","guid":{"rendered":"https:\/\/explorial.com\/trails\/tour-de-ville-pontevedra-1\/"},"modified":"2024-09-17T08:25:44","modified_gmt":"2024-09-17T08:25:44","slug":"tour-de-ville-pontevedra-1","status":"publish","type":"product","link":"https:\/\/explorial.com\/fr\/trails\/tour-de-ville-pontevedra-1\/","title":{"rendered":"Pontevedra"},"content":{"rendered":"","protected":false},"excerpt":{"rendered":"","protected":false},"featured_media":166990,"comment_status":"open","ping_status":"closed","template":"","meta":{"_acf_changed":false},"product_brand":[],"product_cat":[1169,2879],"product_tag":[2873],"class_list":{"0":"post-167222","1":"product","2":"type-product","3":"status-publish","4":"has-post-thumbnail","6":"product_cat-spain-fr","7":"product_cat-galicia-fr","8":"product_tag-pontevedra-fr","10":"first","11":"instock","12":"sale","13":"taxable","14":"shipping-taxable","15":"purchasable","16":"product-type-variable"},"acf":{"city_name":"Pontevedra","city_name_display":"Pontevedra","languages":"Espagnol, Anglais","duration":"environ 1,5 \u00e0 2 heures","description_1":"","description_2":"","city_description":"","short_description":"","notes":"","header_image":166984,"highlight_locations":"Capela da Virxe Peregrina, Praza da Ferrar\u00eda, Praza M\u00e9ndez N\u00fa\u00f1ez","additional_wheelchair":"Malheureusement, cette piste n\u2019est que partiellement adapt\u00e9e aux fauteuils roulants et aux poussettes en raison de ses pentes et de ses escaliers. Cependant, la piste peut \u00eatre jou\u00e9e, mais certains endroits peuvent \u00eatre plus difficiles d\u2019acc\u00e8s.","voucher_link":"","start_location_coordinates":"42.43187, -8.64699","start_location_name":"Casa do Concelho de Pontevedra","start_location_address":"Praza de Espa\u00f1a, 1, 36002, Espa\u00f1a","end_location_name":"Capela da Virxe Peregrina","partner_object":null},"_links":{"self":[{"href":"https:\/\/explorial.com\/fr\/wp-json\/wp\/v2\/product\/167222","targetHints":{"allow":["GET"]}}],"collection":[{"href":"https:\/\/explorial.com\/fr\/wp-json\/wp\/v2\/product"}],"about":[{"href":"https:\/\/explorial.com\/fr\/wp-json\/wp\/v2\/types\/product"}],"replies":[{"embeddable":true,"href":"https:\/\/explorial.com\/fr\/wp-json\/wp\/v2\/comments?post=167222"}],"wp:featuredmedia":[{"embeddable":true,"href":"https:\/\/explorial.com\/fr\/wp-json\/wp\/v2\/media\/166990"}],"wp:attachment":[{"href":"https:\/\/explorial.com\/fr\/wp-json\/wp\/v2\/media?parent=167222"}],"wp:term":[{"taxonomy":"product_brand","embeddable":true,"href":"https:\/\/explorial.com\/fr\/wp-json\/wp\/v2\/product_brand?post=167222"},{"taxonomy":"product_cat","embeddable":true,"href":"https:\/\/explorial.com\/fr\/wp-json\/wp\/v2\/product_cat?post=167222"},{"taxonomy":"product_tag","embeddable":true,"href":"https:\/\/explorial.com\/fr\/wp-json\/wp\/v2\/product_tag?post=167222"}],"curies":[{"name":"wp","href":"https:\/\/api.w.org\/{rel}","templated":true}]}}