{"id":160528,"date":"2023-12-12T16:35:18","date_gmt":"2023-12-12T16:35:18","guid":{"rendered":"https:\/\/explorial.com\/trails\/tour-de-ville-winterthur-1\/"},"modified":"2024-09-16T08:59:21","modified_gmt":"2024-09-16T08:59:21","slug":"tour-de-ville-winterthur-1","status":"publish","type":"product","link":"https:\/\/explorial.com\/fr\/trails\/tour-de-ville-winterthur-1\/","title":{"rendered":"Winterthur"},"content":{"rendered":"","protected":false},"excerpt":{"rendered":"","protected":false},"featured_media":160290,"comment_status":"open","ping_status":"closed","template":"","meta":{"_acf_changed":false},"product_brand":[],"product_cat":[1186,1181],"product_tag":[941],"class_list":{"0":"post-160528","1":"product","2":"type-product","3":"status-publish","4":"has-post-thumbnail","6":"product_cat-zurich-region-fr","7":"product_cat-switzerland-fr","8":"product_tag-winterthur-es","10":"first","11":"instock","12":"sale","13":"taxable","14":"shipping-taxable","15":"purchasable","16":"product-type-variable"},"acf":{"city_name":"Winterthur","city_name_display":"Winterthur","languages":"Allemand, Anglais","duration":"environ 1,5 \u00e0 2 heures","description_1":"","description_2":"","city_description":"","short_description":"","notes":"","header_image":160284,"highlight_locations":"Steinberggasse, Stadtkirche, Stadthaus","additional_wheelchair":"Malheureusement, cette piste n\u2019est que partiellement adapt\u00e9e aux fauteuils roulants et aux poussettes en raison de ses pentes et de ses escaliers. Cependant, la piste peut \u00eatre jou\u00e9e, mais certains endroits peuvent \u00eatre plus difficiles d\u2019acc\u00e8s.","voucher_link":"","start_location_coordinates":"47.49911, 8.72647","start_location_name":"Neumarkt","start_location_address":"8400 Winterthur","end_location_name":"Rosengarten","partner_object":73198},"_links":{"self":[{"href":"https:\/\/explorial.com\/fr\/wp-json\/wp\/v2\/product\/160528","targetHints":{"allow":["GET"]}}],"collection":[{"href":"https:\/\/explorial.com\/fr\/wp-json\/wp\/v2\/product"}],"about":[{"href":"https:\/\/explorial.com\/fr\/wp-json\/wp\/v2\/types\/product"}],"replies":[{"embeddable":true,"href":"https:\/\/explorial.com\/fr\/wp-json\/wp\/v2\/comments?post=160528"}],"acf:post":[{"embeddable":true,"href":"https:\/\/explorial.com\/fr\/wp-json\/wp\/v2\/partner\/73198"}],"wp:featuredmedia":[{"embeddable":true,"href":"https:\/\/explorial.com\/fr\/wp-json\/wp\/v2\/media\/160290"}],"wp:attachment":[{"href":"https:\/\/explorial.com\/fr\/wp-json\/wp\/v2\/media?parent=160528"}],"wp:term":[{"taxonomy":"product_brand","embeddable":true,"href":"https:\/\/explorial.com\/fr\/wp-json\/wp\/v2\/product_brand?post=160528"},{"taxonomy":"product_cat","embeddable":true,"href":"https:\/\/explorial.com\/fr\/wp-json\/wp\/v2\/product_cat?post=160528"},{"taxonomy":"product_tag","embeddable":true,"href":"https:\/\/explorial.com\/fr\/wp-json\/wp\/v2\/product_tag?post=160528"}],"curies":[{"name":"wp","href":"https:\/\/api.w.org\/{rel}","templated":true}]}}