{"id":160214,"date":"2023-12-07T10:08:54","date_gmt":"2023-12-07T10:08:54","guid":{"rendered":"https:\/\/explorial.com\/trails\/tour-de-ville-munster-1\/"},"modified":"2024-09-16T11:49:54","modified_gmt":"2024-09-16T11:49:54","slug":"tour-de-ville-munster-1","status":"publish","type":"product","link":"https:\/\/explorial.com\/fr\/trails\/tour-de-ville-munster-1\/","title":{"rendered":"M\u00fcnster"},"content":{"rendered":"","protected":false},"excerpt":{"rendered":"","protected":false},"featured_media":241698,"comment_status":"open","ping_status":"closed","template":"","meta":{"_acf_changed":false},"product_brand":[],"product_cat":[1136,1141],"product_tag":[2166],"class_list":{"0":"post-160214","1":"product","2":"type-product","3":"status-publish","4":"has-post-thumbnail","6":"product_cat-germany-fr","7":"product_cat-north-rhine-westphalia-fr","8":"product_tag-munster-ch","10":"first","11":"instock","12":"sale","13":"taxable","14":"shipping-taxable","15":"purchasable","16":"product-type-variable"},"acf":{"city_name":"M\u00fcnster","city_name_display":"M\u00fcnster","languages":"Allemand, Anglais","duration":"environ 1,5 \u00e0 2 heures","description_1":"","description_2":"","city_description":"","short_description":"","notes":"","header_image":241692,"highlight_locations":"Dominikanerkirche, Prinzipalmarkt, St. Paulus Dom","additional_wheelchair":"Malheureusement, cette piste n\u2019est que partiellement adapt\u00e9e aux fauteuils roulants et aux poussettes en raison de ses pentes et de ses escaliers. Cependant, la piste peut \u00eatre jou\u00e9e, mais certains endroits peuvent \u00eatre plus difficiles d\u2019acc\u00e8s.","voucher_link":"","start_location_coordinates":"51.96121, 7.63225","start_location_name":"Erbdrostenhof","start_location_address":"48143 M\u00fcnster, Deutschland","end_location_name":"Liebfrauen-\u00dcberwasserkirche","partner_object":null},"_links":{"self":[{"href":"https:\/\/explorial.com\/fr\/wp-json\/wp\/v2\/product\/160214","targetHints":{"allow":["GET"]}}],"collection":[{"href":"https:\/\/explorial.com\/fr\/wp-json\/wp\/v2\/product"}],"about":[{"href":"https:\/\/explorial.com\/fr\/wp-json\/wp\/v2\/types\/product"}],"replies":[{"embeddable":true,"href":"https:\/\/explorial.com\/fr\/wp-json\/wp\/v2\/comments?post=160214"}],"wp:featuredmedia":[{"embeddable":true,"href":"https:\/\/explorial.com\/fr\/wp-json\/wp\/v2\/media\/241698"}],"wp:attachment":[{"href":"https:\/\/explorial.com\/fr\/wp-json\/wp\/v2\/media?parent=160214"}],"wp:term":[{"taxonomy":"product_brand","embeddable":true,"href":"https:\/\/explorial.com\/fr\/wp-json\/wp\/v2\/product_brand?post=160214"},{"taxonomy":"product_cat","embeddable":true,"href":"https:\/\/explorial.com\/fr\/wp-json\/wp\/v2\/product_cat?post=160214"},{"taxonomy":"product_tag","embeddable":true,"href":"https:\/\/explorial.com\/fr\/wp-json\/wp\/v2\/product_tag?post=160214"}],"curies":[{"name":"wp","href":"https:\/\/api.w.org\/{rel}","templated":true}]}}