{"id":156978,"date":"2023-12-11T13:18:50","date_gmt":"2023-12-11T13:18:50","guid":{"rendered":"https:\/\/explorial.com\/trails\/tour-de-ville-manchester-1\/"},"modified":"2024-09-10T11:41:48","modified_gmt":"2024-09-10T11:41:48","slug":"tour-de-ville-manchester-1","status":"publish","type":"product","link":"https:\/\/explorial.com\/fr\/trails\/tour-de-ville-manchester-1\/","title":{"rendered":"Manchester"},"content":{"rendered":"","protected":false},"excerpt":{"rendered":"","protected":false},"featured_media":242595,"comment_status":"open","ping_status":"closed","template":"","meta":{"_acf_changed":false},"product_brand":[],"product_cat":[2816,1618],"product_tag":[2782],"class_list":{"0":"post-156978","1":"product","2":"type-product","3":"status-publish","4":"has-post-thumbnail","6":"product_cat-north-west-fr","7":"product_cat-united-kingdom-fr","8":"product_tag-manchester-es","10":"first","11":"instock","12":"sale","13":"taxable","14":"shipping-taxable","15":"purchasable","16":"product-type-variable"},"acf":{"city_name":"Manchester","city_name_display":"Manchester","languages":"Anglais","duration":"environ 1,5 \u00e0 2 heures","description_1":"","description_2":"","city_description":"","short_description":"","notes":"","header_image":242589,"highlight_locations":"National Football Museum, Chetham\u2019s Library, St Mary's RC Church","additional_wheelchair":"Malheureusement, cette piste n\u2019est que partiellement adapt\u00e9e aux fauteuils roulants et aux poussettes en raison de ses pentes et de ses escaliers. Cependant, la piste peut \u00eatre jou\u00e9e, mais certains endroits peuvent \u00eatre plus difficiles d\u2019acc\u00e8s.","voucher_link":"","start_location_coordinates":"53.48615, -2.24117","start_location_name":"Robert Owen statue","start_location_address":"A6042, Manchester M3 1NX, UK","end_location_name":"Alan Turing Memorial","partner_object":null},"_links":{"self":[{"href":"https:\/\/explorial.com\/fr\/wp-json\/wp\/v2\/product\/156978","targetHints":{"allow":["GET"]}}],"collection":[{"href":"https:\/\/explorial.com\/fr\/wp-json\/wp\/v2\/product"}],"about":[{"href":"https:\/\/explorial.com\/fr\/wp-json\/wp\/v2\/types\/product"}],"replies":[{"embeddable":true,"href":"https:\/\/explorial.com\/fr\/wp-json\/wp\/v2\/comments?post=156978"}],"wp:featuredmedia":[{"embeddable":true,"href":"https:\/\/explorial.com\/fr\/wp-json\/wp\/v2\/media\/242595"}],"wp:attachment":[{"href":"https:\/\/explorial.com\/fr\/wp-json\/wp\/v2\/media?parent=156978"}],"wp:term":[{"taxonomy":"product_brand","embeddable":true,"href":"https:\/\/explorial.com\/fr\/wp-json\/wp\/v2\/product_brand?post=156978"},{"taxonomy":"product_cat","embeddable":true,"href":"https:\/\/explorial.com\/fr\/wp-json\/wp\/v2\/product_cat?post=156978"},{"taxonomy":"product_tag","embeddable":true,"href":"https:\/\/explorial.com\/fr\/wp-json\/wp\/v2\/product_tag?post=156978"}],"curies":[{"name":"wp","href":"https:\/\/api.w.org\/{rel}","templated":true}]}}