{"id":156262,"date":"2023-12-11T13:12:44","date_gmt":"2023-12-11T13:12:44","guid":{"rendered":"https:\/\/explorial.com\/trails\/tour-de-ville-lagos-1\/"},"modified":"2024-09-17T14:11:00","modified_gmt":"2024-09-17T14:11:00","slug":"tour-de-ville-lagos-1","status":"publish","type":"product","link":"https:\/\/explorial.com\/fr\/trails\/tour-de-ville-lagos-1\/","title":{"rendered":"Lagos"},"content":{"rendered":"","protected":false},"excerpt":{"rendered":"","protected":false},"featured_media":156056,"comment_status":"open","ping_status":"closed","template":"","meta":{"_acf_changed":false},"product_brand":[],"product_cat":[2810,1159],"product_tag":[2777],"class_list":{"0":"post-156262","1":"product","2":"type-product","3":"status-publish","4":"has-post-thumbnail","6":"product_cat-algarve-fr","7":"product_cat-portugal-fr","8":"product_tag-lagos-es","10":"first","11":"instock","12":"sale","13":"taxable","14":"shipping-taxable","15":"purchasable","16":"product-type-variable"},"acf":{"city_name":"Lagos","city_name_display":"Lagos","languages":"Portugais, Anglais","duration":"environ 1,5 \u00e0 2 heures","description_1":"","description_2":"","city_description":"","short_description":"","notes":"","header_image":156050,"highlight_locations":"Muralhas de Lagos, Antiga C\u00e2mara Municipal de Lagos, Mercado Municipal de Lagos","additional_wheelchair":"Malheureusement, cette piste n\u2019est que partiellement adapt\u00e9e aux fauteuils roulants et aux poussettes en raison de ses pentes et de ses escaliers. Cependant, la piste peut \u00eatre jou\u00e9e, mais certains endroits peuvent \u00eatre plus difficiles d\u2019acc\u00e8s.","voucher_link":"","start_location_coordinates":"37.10754, -8.67486","start_location_name":"Marina de Lagos","start_location_address":"Edif\u00edcio da Administra\u00e7\u00e3o, 8600-315, Lagos, Portugal","end_location_name":"Forte da Ponta da Bandeira","partner_object":null},"_links":{"self":[{"href":"https:\/\/explorial.com\/fr\/wp-json\/wp\/v2\/product\/156262","targetHints":{"allow":["GET"]}}],"collection":[{"href":"https:\/\/explorial.com\/fr\/wp-json\/wp\/v2\/product"}],"about":[{"href":"https:\/\/explorial.com\/fr\/wp-json\/wp\/v2\/types\/product"}],"replies":[{"embeddable":true,"href":"https:\/\/explorial.com\/fr\/wp-json\/wp\/v2\/comments?post=156262"}],"wp:featuredmedia":[{"embeddable":true,"href":"https:\/\/explorial.com\/fr\/wp-json\/wp\/v2\/media\/156056"}],"wp:attachment":[{"href":"https:\/\/explorial.com\/fr\/wp-json\/wp\/v2\/media?parent=156262"}],"wp:term":[{"taxonomy":"product_brand","embeddable":true,"href":"https:\/\/explorial.com\/fr\/wp-json\/wp\/v2\/product_brand?post=156262"},{"taxonomy":"product_cat","embeddable":true,"href":"https:\/\/explorial.com\/fr\/wp-json\/wp\/v2\/product_cat?post=156262"},{"taxonomy":"product_tag","embeddable":true,"href":"https:\/\/explorial.com\/fr\/wp-json\/wp\/v2\/product_tag?post=156262"}],"curies":[{"name":"wp","href":"https:\/\/api.w.org\/{rel}","templated":true}]}}