{"id":156012,"date":"2023-12-11T13:09:42","date_gmt":"2023-12-11T13:09:42","guid":{"rendered":"https:\/\/explorial.com\/trails\/tour-de-ville-faro-1\/"},"modified":"2024-09-17T13:44:14","modified_gmt":"2024-09-17T13:44:14","slug":"tour-de-ville-faro-1","status":"publish","type":"product","link":"https:\/\/explorial.com\/fr\/trails\/tour-de-ville-faro-1\/","title":{"rendered":"Faro"},"content":{"rendered":"","protected":false},"excerpt":{"rendered":"","protected":false},"featured_media":155767,"comment_status":"open","ping_status":"closed","template":"","meta":{"_acf_changed":false},"product_brand":[],"product_cat":[2810,1159],"product_tag":[2182],"class_list":{"0":"post-156012","1":"product","2":"type-product","3":"status-publish","4":"has-post-thumbnail","6":"product_cat-algarve-fr","7":"product_cat-portugal-fr","8":"product_tag-faro-fr","10":"first","11":"instock","12":"sale","13":"taxable","14":"shipping-taxable","15":"purchasable","16":"product-type-variable"},"acf":{"city_name":"Faro","city_name_display":"Faro","languages":"Portugais, Anglais","duration":"environ 1,5 \u00e0 2 heures","description_1":"","description_2":"","city_description":"","short_description":"","notes":"","header_image":155761,"highlight_locations":"Igreja de Santa Maria, Arco da Vila, Pal\u00e1cio Belmar\u00e7o","additional_wheelchair":"Malheureusement, cette piste n\u2019est que partiellement adapt\u00e9e aux fauteuils roulants et aux poussettes en raison de ses pentes et de ses escaliers. Cependant, la piste peut \u00eatre jou\u00e9e, mais certains endroits peuvent \u00eatre plus difficiles d\u2019acc\u00e8s.","voucher_link":"","start_location_coordinates":"37.0123, -7.9355","start_location_name":"Rosa dos Ventos","start_location_address":"R. Cmte. Francisco Manuel, 8000-250 Faro, Portugal","end_location_name":"Marina de Faro","partner_object":null},"_links":{"self":[{"href":"https:\/\/explorial.com\/fr\/wp-json\/wp\/v2\/product\/156012","targetHints":{"allow":["GET"]}}],"collection":[{"href":"https:\/\/explorial.com\/fr\/wp-json\/wp\/v2\/product"}],"about":[{"href":"https:\/\/explorial.com\/fr\/wp-json\/wp\/v2\/types\/product"}],"replies":[{"embeddable":true,"href":"https:\/\/explorial.com\/fr\/wp-json\/wp\/v2\/comments?post=156012"}],"wp:featuredmedia":[{"embeddable":true,"href":"https:\/\/explorial.com\/fr\/wp-json\/wp\/v2\/media\/155767"}],"wp:attachment":[{"href":"https:\/\/explorial.com\/fr\/wp-json\/wp\/v2\/media?parent=156012"}],"wp:term":[{"taxonomy":"product_brand","embeddable":true,"href":"https:\/\/explorial.com\/fr\/wp-json\/wp\/v2\/product_brand?post=156012"},{"taxonomy":"product_cat","embeddable":true,"href":"https:\/\/explorial.com\/fr\/wp-json\/wp\/v2\/product_cat?post=156012"},{"taxonomy":"product_tag","embeddable":true,"href":"https:\/\/explorial.com\/fr\/wp-json\/wp\/v2\/product_tag?post=156012"}],"curies":[{"name":"wp","href":"https:\/\/api.w.org\/{rel}","templated":true}]}}