{"id":145235,"date":"2023-10-31T15:13:33","date_gmt":"2023-10-31T15:13:33","guid":{"rendered":"https:\/\/explorial.com\/trails\/tour-de-ville-salvador-2\/"},"modified":"2024-09-09T10:17:20","modified_gmt":"2024-09-09T10:17:20","slug":"tour-de-ville-salvador-2","status":"publish","type":"product","link":"https:\/\/explorial.com\/fr\/trails\/tour-de-ville-salvador-2\/","title":{"rendered":"Salvador (Pelourinho)"},"content":{"rendered":"","protected":false},"excerpt":{"rendered":"","protected":false},"featured_media":145054,"comment_status":"open","ping_status":"closed","template":"","meta":{"_acf_changed":false},"product_brand":[],"product_cat":[1636,1864],"product_tag":[2065],"class_list":{"0":"post-145235","1":"product","2":"type-product","3":"status-publish","4":"has-post-thumbnail","6":"product_cat-brazil-fr","7":"product_cat-northeast-region-fr","8":"product_tag-salvador-es","10":"first","11":"instock","12":"sale","13":"taxable","14":"shipping-taxable","15":"purchasable","16":"product-type-variable"},"acf":{"city_name":"Salvador","city_name_display":"Salvador (Pelourinho)","languages":"Portugais, Anglais","duration":"environ 1,5 \u00e0 2 heures","description_1":"","description_2":"","city_description":"","short_description":"","notes":"","header_image":145048,"highlight_locations":"Pra\u00e7a Castro Alves, Igreja Nossa Senhora do Ros\u00e1rio dos Pretos, Funda\u00e7\u00e3o Casa de Jorge Amado","additional_wheelchair":"Malheureusement, cette piste n\u2019est que partiellement adapt\u00e9e aux fauteuils roulants et aux poussettes en raison de ses pentes et de ses escaliers. Cependant, la piste peut \u00eatre jou\u00e9e, mais certains endroits peuvent \u00eatre plus difficiles d\u2019acc\u00e8s.","voucher_link":"","start_location_coordinates":"-12.97724, -38.51451","start_location_name":"Cine Glauber Rocha","start_location_address":"Pra\u00e7a Castro Alves, 5, 40020-160, Brasil","end_location_name":"Igreja Nossa Senhora do Ros\u00e1rio dos Pretos","partner_object":null},"_links":{"self":[{"href":"https:\/\/explorial.com\/fr\/wp-json\/wp\/v2\/product\/145235","targetHints":{"allow":["GET"]}}],"collection":[{"href":"https:\/\/explorial.com\/fr\/wp-json\/wp\/v2\/product"}],"about":[{"href":"https:\/\/explorial.com\/fr\/wp-json\/wp\/v2\/types\/product"}],"replies":[{"embeddable":true,"href":"https:\/\/explorial.com\/fr\/wp-json\/wp\/v2\/comments?post=145235"}],"wp:featuredmedia":[{"embeddable":true,"href":"https:\/\/explorial.com\/fr\/wp-json\/wp\/v2\/media\/145054"}],"wp:attachment":[{"href":"https:\/\/explorial.com\/fr\/wp-json\/wp\/v2\/media?parent=145235"}],"wp:term":[{"taxonomy":"product_brand","embeddable":true,"href":"https:\/\/explorial.com\/fr\/wp-json\/wp\/v2\/product_brand?post=145235"},{"taxonomy":"product_cat","embeddable":true,"href":"https:\/\/explorial.com\/fr\/wp-json\/wp\/v2\/product_cat?post=145235"},{"taxonomy":"product_tag","embeddable":true,"href":"https:\/\/explorial.com\/fr\/wp-json\/wp\/v2\/product_tag?post=145235"}],"curies":[{"name":"wp","href":"https:\/\/api.w.org\/{rel}","templated":true}]}}