{"id":139842,"date":"2023-10-06T09:35:32","date_gmt":"2023-10-06T09:35:32","guid":{"rendered":"https:\/\/explorial.com\/trails\/tour-de-ville-bale-2\/"},"modified":"2024-09-16T10:10:33","modified_gmt":"2024-09-16T10:10:33","slug":"tour-de-ville-bale-2","status":"publish","type":"product","link":"https:\/\/explorial.com\/fr\/trails\/tour-de-ville-bale-2\/","title":{"rendered":"B\u00e2le (Kleinbasel)"},"content":{"rendered":"","protected":false},"excerpt":{"rendered":"","protected":false},"featured_media":139661,"comment_status":"open","ping_status":"closed","template":"","meta":{"_acf_changed":false},"product_brand":[],"product_cat":[1181,1182],"product_tag":[1189],"class_list":{"0":"post-139842","1":"product","2":"type-product","3":"status-publish","4":"has-post-thumbnail","6":"product_cat-switzerland-fr","7":"product_cat-central-and-northwestern-switzerland-fr","8":"product_tag-basel-fr","10":"first","11":"instock","12":"sale","13":"taxable","14":"shipping-taxable","15":"purchasable","16":"product-type-variable"},"acf":{"city_name":"B\u00e2le","city_name_display":"B\u00e2le (Kleinbasel)","languages":"Allemand, Anglais","duration":"environ 1,5 \u00e0 2 heures","description_1":"","description_2":"","city_description":"","short_description":"","notes":"","header_image":139655,"highlight_locations":"Rathaus, B\u00fcrgerliches Waisenhaus Basel, Wettsteinbr\u00fccke","additional_wheelchair":"Malheureusement, cette piste n\u2019est que partiellement adapt\u00e9e aux fauteuils roulants et aux poussettes en raison de ses pentes et de ses escaliers. Cependant, la piste peut \u00eatre jou\u00e9e, mais certains endroits peuvent \u00eatre plus difficiles d\u2019acc\u00e8s.","voucher_link":"","start_location_coordinates":"47.55797, 7.58803","start_location_name":"Marktplatz","start_location_address":"CH-4001 Basel\n","end_location_name":"Galluspforte am Basler M\u00fcnster","partner_object":null},"_links":{"self":[{"href":"https:\/\/explorial.com\/fr\/wp-json\/wp\/v2\/product\/139842","targetHints":{"allow":["GET"]}}],"collection":[{"href":"https:\/\/explorial.com\/fr\/wp-json\/wp\/v2\/product"}],"about":[{"href":"https:\/\/explorial.com\/fr\/wp-json\/wp\/v2\/types\/product"}],"replies":[{"embeddable":true,"href":"https:\/\/explorial.com\/fr\/wp-json\/wp\/v2\/comments?post=139842"}],"wp:featuredmedia":[{"embeddable":true,"href":"https:\/\/explorial.com\/fr\/wp-json\/wp\/v2\/media\/139661"}],"wp:attachment":[{"href":"https:\/\/explorial.com\/fr\/wp-json\/wp\/v2\/media?parent=139842"}],"wp:term":[{"taxonomy":"product_brand","embeddable":true,"href":"https:\/\/explorial.com\/fr\/wp-json\/wp\/v2\/product_brand?post=139842"},{"taxonomy":"product_cat","embeddable":true,"href":"https:\/\/explorial.com\/fr\/wp-json\/wp\/v2\/product_cat?post=139842"},{"taxonomy":"product_tag","embeddable":true,"href":"https:\/\/explorial.com\/fr\/wp-json\/wp\/v2\/product_tag?post=139842"}],"curies":[{"name":"wp","href":"https:\/\/api.w.org\/{rel}","templated":true}]}}