{"id":122077,"date":"2023-09-27T13:32:09","date_gmt":"2023-09-27T13:32:09","guid":{"rendered":"https:\/\/explorial.com\/trails\/tour-de-ville-rio-de-janeiro-2\/"},"modified":"2024-09-09T10:00:13","modified_gmt":"2024-09-09T10:00:13","slug":"tour-de-ville-rio-de-janeiro-2","status":"publish","type":"product","link":"https:\/\/explorial.com\/fr\/trails\/tour-de-ville-rio-de-janeiro-2\/","title":{"rendered":"Rio de Janeiro (Urca)"},"content":{"rendered":"","protected":false},"excerpt":{"rendered":"","protected":false},"featured_media":121487,"comment_status":"open","ping_status":"closed","template":"","meta":{"_acf_changed":false},"product_brand":[],"product_cat":[1636,1642],"product_tag":[2029],"class_list":{"0":"post-122077","1":"product","2":"type-product","3":"status-publish","4":"has-post-thumbnail","6":"product_cat-brazil-fr","7":"product_cat-southeast-region-fr","8":"product_tag-rio-de-janeiro-es","10":"first","11":"instock","12":"sale","13":"taxable","14":"shipping-taxable","15":"purchasable","16":"product-type-variable"},"acf":{"city_name":"Rio de Janeiro","city_name_display":"Rio de Janeiro (Urca)","languages":"Portugais, Espagnol, Anglais","duration":"environ 1,5 \u00e0 2 heures","description_1":"","description_2":"","city_description":"","short_description":"","notes":"","header_image":121464,"highlight_locations":"Mureta da Urca, Museu de Ci\u00eancias da Terra, Praia Vermelha","additional_wheelchair":"Malheureusement, cette piste n\u2019est que partiellement adapt\u00e9e aux fauteuils roulants et aux poussettes en raison de ses pentes et de ses escaliers. Cependant, la piste peut \u00eatre jou\u00e9e, mais certains endroits peuvent \u00eatre plus difficiles d\u2019acc\u00e8s.","voucher_link":"","start_location_coordinates":"-22.94596, -43.16247","start_location_name":"Pra\u00e7a Raul Guedes","start_location_address":"Pra\u00e7a Raul Guedes, 22291-200, Brasil","end_location_name":"Praia Vermelha","partner_object":null},"_links":{"self":[{"href":"https:\/\/explorial.com\/fr\/wp-json\/wp\/v2\/product\/122077","targetHints":{"allow":["GET"]}}],"collection":[{"href":"https:\/\/explorial.com\/fr\/wp-json\/wp\/v2\/product"}],"about":[{"href":"https:\/\/explorial.com\/fr\/wp-json\/wp\/v2\/types\/product"}],"replies":[{"embeddable":true,"href":"https:\/\/explorial.com\/fr\/wp-json\/wp\/v2\/comments?post=122077"}],"wp:featuredmedia":[{"embeddable":true,"href":"https:\/\/explorial.com\/fr\/wp-json\/wp\/v2\/media\/121487"}],"wp:attachment":[{"href":"https:\/\/explorial.com\/fr\/wp-json\/wp\/v2\/media?parent=122077"}],"wp:term":[{"taxonomy":"product_brand","embeddable":true,"href":"https:\/\/explorial.com\/fr\/wp-json\/wp\/v2\/product_brand?post=122077"},{"taxonomy":"product_cat","embeddable":true,"href":"https:\/\/explorial.com\/fr\/wp-json\/wp\/v2\/product_cat?post=122077"},{"taxonomy":"product_tag","embeddable":true,"href":"https:\/\/explorial.com\/fr\/wp-json\/wp\/v2\/product_tag?post=122077"}],"curies":[{"name":"wp","href":"https:\/\/api.w.org\/{rel}","templated":true}]}}