{"id":120936,"date":"2023-09-27T13:28:06","date_gmt":"2023-09-27T13:28:06","guid":{"rendered":"https:\/\/explorial.com\/trails\/tour-de-ville-rio-de-janeiro-1\/"},"modified":"2024-09-09T10:27:52","modified_gmt":"2024-09-09T10:27:52","slug":"tour-de-ville-rio-de-janeiro-1","status":"publish","type":"product","link":"https:\/\/explorial.com\/fr\/trails\/tour-de-ville-rio-de-janeiro-1\/","title":{"rendered":"Rio de Janeiro (Ipanema e Copacabana)"},"content":{"rendered":"","protected":false},"excerpt":{"rendered":"","protected":false},"featured_media":120678,"comment_status":"open","ping_status":"closed","template":"","meta":{"_acf_changed":false},"product_brand":[],"product_cat":[1636,1642],"product_tag":[2029],"class_list":{"0":"post-120936","1":"product","2":"type-product","3":"status-publish","4":"has-post-thumbnail","6":"product_cat-brazil-fr","7":"product_cat-southeast-region-fr","8":"product_tag-rio-de-janeiro-es","10":"first","11":"instock","12":"sale","13":"taxable","14":"shipping-taxable","15":"purchasable","16":"product-type-variable"},"acf":{"city_name":"Rio de Janeiro","city_name_display":"Rio de Janeiro (Ipanema e Copacabana)","languages":"Portugais, Anglais, Espagnol","duration":"environ 1,5 \u00e0 2 heures","description_1":"","description_2":"","city_description":"","short_description":"","notes":"","header_image":120666,"highlight_locations":"Praia de Ipanema, Arpoador, Praia de Copacabana","additional_wheelchair":"Malheureusement, cette piste n\u2019est que partiellement adapt\u00e9e aux fauteuils roulants et aux poussettes en raison de ses pentes et de ses escaliers. Cependant, la piste peut \u00eatre jou\u00e9e, mais certains endroits peuvent \u00eatre plus difficiles d\u2019acc\u00e8s.","voucher_link":"","start_location_coordinates":"-22.9841, -43.20511","start_location_name":"Esta\u00e7\u00e3o Nossa Senhora da Paz","start_location_address":"Esta\u00e7\u00e3o Nossa Senhora da Paz, Ipanema, Acesso A, 22411-001, Brasil","end_location_name":"Est\u00e1tua de Drummond","partner_object":null},"_links":{"self":[{"href":"https:\/\/explorial.com\/fr\/wp-json\/wp\/v2\/product\/120936","targetHints":{"allow":["GET"]}}],"collection":[{"href":"https:\/\/explorial.com\/fr\/wp-json\/wp\/v2\/product"}],"about":[{"href":"https:\/\/explorial.com\/fr\/wp-json\/wp\/v2\/types\/product"}],"replies":[{"embeddable":true,"href":"https:\/\/explorial.com\/fr\/wp-json\/wp\/v2\/comments?post=120936"}],"wp:featuredmedia":[{"embeddable":true,"href":"https:\/\/explorial.com\/fr\/wp-json\/wp\/v2\/media\/120678"}],"wp:attachment":[{"href":"https:\/\/explorial.com\/fr\/wp-json\/wp\/v2\/media?parent=120936"}],"wp:term":[{"taxonomy":"product_brand","embeddable":true,"href":"https:\/\/explorial.com\/fr\/wp-json\/wp\/v2\/product_brand?post=120936"},{"taxonomy":"product_cat","embeddable":true,"href":"https:\/\/explorial.com\/fr\/wp-json\/wp\/v2\/product_cat?post=120936"},{"taxonomy":"product_tag","embeddable":true,"href":"https:\/\/explorial.com\/fr\/wp-json\/wp\/v2\/product_tag?post=120936"}],"curies":[{"name":"wp","href":"https:\/\/api.w.org\/{rel}","templated":true}]}}