{"id":119760,"date":"2023-09-27T13:16:59","date_gmt":"2023-09-27T13:16:59","guid":{"rendered":"https:\/\/explorial.com\/trails\/tour-de-ville-trieste-1\/"},"modified":"2024-09-17T12:19:31","modified_gmt":"2024-09-17T12:19:31","slug":"tour-de-ville-trieste-1","status":"publish","type":"product","link":"https:\/\/explorial.com\/fr\/trails\/tour-de-ville-trieste-1\/","title":{"rendered":"Trieste"},"content":{"rendered":"","protected":false},"excerpt":{"rendered":"","protected":false},"featured_media":119579,"comment_status":"open","ping_status":"closed","template":"","meta":{"_acf_changed":false},"product_brand":[],"product_cat":[2000,1436],"product_tag":[1993],"class_list":{"0":"post-119760","1":"product","2":"type-product","3":"status-publish","4":"has-post-thumbnail","6":"product_cat-friuli-venezia-giulia-fr","7":"product_cat-italy-fr","8":"product_tag-trieste-es","10":"first","11":"instock","12":"sale","13":"taxable","14":"shipping-taxable","15":"purchasable","16":"product-type-variable"},"acf":{"city_name":"Trieste","city_name_display":"Trieste","languages":"Italien, Anglais","duration":"environ 1,5 \u00e0 2 heures","description_1":"","description_2":"","city_description":"","short_description":"","notes":"","header_image":119573,"highlight_locations":"Piazza della Borsa, Canal Grande, Piazza Unit\u00e0 d\u2019Italia","additional_wheelchair":"Malheureusement, cette piste n\u2019est que partiellement adapt\u00e9e aux fauteuils roulants et aux poussettes en raison de ses pentes et de ses escaliers. Cependant, la piste peut \u00eatre jou\u00e9e, mais certains endroits peuvent \u00eatre plus difficiles d\u2019acc\u00e8s.","voucher_link":"","start_location_coordinates":"45.652546, 13.771135","start_location_name":"Ponte Curto","start_location_address":"Passaggio Joyce, 34121 Trieste TS","end_location_name":"Molo Audace","partner_object":null},"_links":{"self":[{"href":"https:\/\/explorial.com\/fr\/wp-json\/wp\/v2\/product\/119760","targetHints":{"allow":["GET"]}}],"collection":[{"href":"https:\/\/explorial.com\/fr\/wp-json\/wp\/v2\/product"}],"about":[{"href":"https:\/\/explorial.com\/fr\/wp-json\/wp\/v2\/types\/product"}],"replies":[{"embeddable":true,"href":"https:\/\/explorial.com\/fr\/wp-json\/wp\/v2\/comments?post=119760"}],"wp:featuredmedia":[{"embeddable":true,"href":"https:\/\/explorial.com\/fr\/wp-json\/wp\/v2\/media\/119579"}],"wp:attachment":[{"href":"https:\/\/explorial.com\/fr\/wp-json\/wp\/v2\/media?parent=119760"}],"wp:term":[{"taxonomy":"product_brand","embeddable":true,"href":"https:\/\/explorial.com\/fr\/wp-json\/wp\/v2\/product_brand?post=119760"},{"taxonomy":"product_cat","embeddable":true,"href":"https:\/\/explorial.com\/fr\/wp-json\/wp\/v2\/product_cat?post=119760"},{"taxonomy":"product_tag","embeddable":true,"href":"https:\/\/explorial.com\/fr\/wp-json\/wp\/v2\/product_tag?post=119760"}],"curies":[{"name":"wp","href":"https:\/\/api.w.org\/{rel}","templated":true}]}}