{"id":117678,"date":"2023-09-27T12:46:24","date_gmt":"2023-09-27T12:46:24","guid":{"rendered":"https:\/\/explorial.com\/trails\/tour-de-ville-london-1\/"},"modified":"2024-09-11T11:56:12","modified_gmt":"2024-09-11T11:56:12","slug":"tour-de-ville-london-1","status":"publish","type":"product","link":"https:\/\/explorial.com\/fr\/trails\/tour-de-ville-london-1\/","title":{"rendered":"London (Central London)"},"content":{"rendered":"","protected":false},"excerpt":{"rendered":"","protected":false},"featured_media":117497,"comment_status":"open","ping_status":"closed","template":"","meta":{"_acf_changed":false},"product_brand":[],"product_cat":[1624,1618],"product_tag":[1611],"class_list":{"0":"post-117678","1":"product","2":"type-product","3":"status-publish","4":"has-post-thumbnail","6":"product_cat-greater-london-fr","7":"product_cat-united-kingdom-fr","8":"product_tag-london-es","10":"first","11":"instock","12":"sale","13":"taxable","14":"shipping-taxable","15":"purchasable","16":"product-type-variable"},"acf":{"city_name":"London","city_name_display":"London (Central London)","languages":"Anglais","duration":"environ 1,5 \u00e0 2 heures","description_1":"","description_2":"","city_description":"","short_description":"","notes":"","header_image":117491,"highlight_locations":"Buckingham Palace, Big Ben, Palace of Westminster","additional_wheelchair":"Malheureusement, cette piste n\u2019est que partiellement adapt\u00e9e aux fauteuils roulants et aux poussettes en raison de ses pentes et de ses escaliers. Cependant, la piste peut \u00eatre jou\u00e9e, mais certains endroits peuvent \u00eatre plus difficiles d\u2019acc\u00e8s.","voucher_link":"","start_location_coordinates":"51.5037, -0.11829","start_location_name":"Jubilee Gardens","start_location_address":"Belvedere Rd, London SE1 7PG, United Kingdom","end_location_name":"Buckingham Palace","partner_object":null},"_links":{"self":[{"href":"https:\/\/explorial.com\/fr\/wp-json\/wp\/v2\/product\/117678","targetHints":{"allow":["GET"]}}],"collection":[{"href":"https:\/\/explorial.com\/fr\/wp-json\/wp\/v2\/product"}],"about":[{"href":"https:\/\/explorial.com\/fr\/wp-json\/wp\/v2\/types\/product"}],"replies":[{"embeddable":true,"href":"https:\/\/explorial.com\/fr\/wp-json\/wp\/v2\/comments?post=117678"}],"wp:featuredmedia":[{"embeddable":true,"href":"https:\/\/explorial.com\/fr\/wp-json\/wp\/v2\/media\/117497"}],"wp:attachment":[{"href":"https:\/\/explorial.com\/fr\/wp-json\/wp\/v2\/media?parent=117678"}],"wp:term":[{"taxonomy":"product_brand","embeddable":true,"href":"https:\/\/explorial.com\/fr\/wp-json\/wp\/v2\/product_brand?post=117678"},{"taxonomy":"product_cat","embeddable":true,"href":"https:\/\/explorial.com\/fr\/wp-json\/wp\/v2\/product_cat?post=117678"},{"taxonomy":"product_tag","embeddable":true,"href":"https:\/\/explorial.com\/fr\/wp-json\/wp\/v2\/product_tag?post=117678"}],"curies":[{"name":"wp","href":"https:\/\/api.w.org\/{rel}","templated":true}]}}