{"id":113179,"date":"2023-09-12T08:09:32","date_gmt":"2023-09-12T08:09:32","guid":{"rendered":"https:\/\/explorial.com\/trails\/tour-de-ville-olinda-1\/"},"modified":"2024-09-09T10:03:43","modified_gmt":"2024-09-09T10:03:43","slug":"tour-de-ville-olinda-1","status":"publish","type":"product","link":"https:\/\/explorial.com\/fr\/trails\/tour-de-ville-olinda-1\/","title":{"rendered":"Olinda"},"content":{"rendered":"","protected":false},"excerpt":{"rendered":"","protected":false},"featured_media":112998,"comment_status":"open","ping_status":"closed","template":"","meta":{"_acf_changed":false},"product_brand":[],"product_cat":[1636,1864],"product_tag":[1857],"class_list":{"0":"post-113179","1":"product","2":"type-product","3":"status-publish","4":"has-post-thumbnail","6":"product_cat-brazil-fr","7":"product_cat-northeast-region-fr","8":"product_tag-olinda-es","10":"first","11":"instock","12":"sale","13":"taxable","14":"shipping-taxable","15":"purchasable","16":"product-type-variable"},"acf":{"city_name":"Olinda","city_name_display":"Olinda","languages":"Portugais, Anglais, Espagnol","duration":"environ 1,5 \u00e0 2 heures","description_1":"","description_2":"","city_description":"","short_description":"","notes":"","header_image":112992,"highlight_locations":"Catedral da S\u00e9, Mosteiro de S\u00e3o Bento, Casa de Alceu Valen\u00e7a","additional_wheelchair":"Malheureusement, cette piste n\u2019est que partiellement adapt\u00e9e aux fauteuils roulants et aux poussettes en raison de ses pentes et de ses escaliers. Cependant, la piste peut \u00eatre jou\u00e9e, mais certains endroits peuvent \u00eatre plus difficiles d\u2019acc\u00e8s.","voucher_link":"","start_location_coordinates":"-8.01921, -34.85351","start_location_name":"C\u00e2mara Municipal de Olinda","start_location_address":"R. Quinze de Novembro, 94, 53020-070, Brasil","end_location_name":"Catedral da S\u00e9","partner_object":null},"_links":{"self":[{"href":"https:\/\/explorial.com\/fr\/wp-json\/wp\/v2\/product\/113179","targetHints":{"allow":["GET"]}}],"collection":[{"href":"https:\/\/explorial.com\/fr\/wp-json\/wp\/v2\/product"}],"about":[{"href":"https:\/\/explorial.com\/fr\/wp-json\/wp\/v2\/types\/product"}],"replies":[{"embeddable":true,"href":"https:\/\/explorial.com\/fr\/wp-json\/wp\/v2\/comments?post=113179"}],"wp:featuredmedia":[{"embeddable":true,"href":"https:\/\/explorial.com\/fr\/wp-json\/wp\/v2\/media\/112998"}],"wp:attachment":[{"href":"https:\/\/explorial.com\/fr\/wp-json\/wp\/v2\/media?parent=113179"}],"wp:term":[{"taxonomy":"product_brand","embeddable":true,"href":"https:\/\/explorial.com\/fr\/wp-json\/wp\/v2\/product_brand?post=113179"},{"taxonomy":"product_cat","embeddable":true,"href":"https:\/\/explorial.com\/fr\/wp-json\/wp\/v2\/product_cat?post=113179"},{"taxonomy":"product_tag","embeddable":true,"href":"https:\/\/explorial.com\/fr\/wp-json\/wp\/v2\/product_tag?post=113179"}],"curies":[{"name":"wp","href":"https:\/\/api.w.org\/{rel}","templated":true}]}}