{"id":112564,"date":"2023-08-29T13:21:14","date_gmt":"2023-08-29T13:21:14","guid":{"rendered":"https:\/\/explorial.com\/trails\/tour-de-ville-venise-2\/"},"modified":"2024-09-17T12:06:00","modified_gmt":"2024-09-17T12:06:00","slug":"tour-de-ville-venise-2","status":"publish","type":"product","link":"https:\/\/explorial.com\/fr\/trails\/tour-de-ville-venise-2\/","title":{"rendered":"Venise (Cannaregio)"},"content":{"rendered":"","protected":false},"excerpt":{"rendered":"","protected":false},"featured_media":112383,"comment_status":"open","ping_status":"closed","template":"","meta":{"_acf_changed":false},"product_brand":[],"product_cat":[1436,1442],"product_tag":[1850],"class_list":{"0":"post-112564","1":"product","2":"type-product","3":"status-publish","4":"has-post-thumbnail","6":"product_cat-italy-fr","7":"product_cat-veneto-fr","8":"product_tag-venice-fr","10":"first","11":"instock","12":"sale","13":"taxable","14":"shipping-taxable","15":"purchasable","16":"product-type-variable"},"acf":{"city_name":"Venise","city_name_display":"Venise (Cannaregio)","languages":"Italien, Anglais","duration":"environ 1,5 \u00e0 2 heures","description_1":"","description_2":"","city_description":"","short_description":"","notes":"","header_image":112377,"highlight_locations":"Ghetto ebraico, Chiesa di Santa Maria dei Miracoli, Campo dei Mori","additional_wheelchair":"Malheureusement, cette piste n\u2019est que partiellement adapt\u00e9e aux fauteuils roulants et aux poussettes en raison de ses pentes et de ses escaliers. Cependant, la piste peut \u00eatre jou\u00e9e, mais certains endroits peuvent \u00eatre plus difficiles d\u2019acc\u00e8s.","voucher_link":"","start_location_coordinates":"45.44492, 12.32574","start_location_name":"Corte Scala Mata","start_location_address":"Calle del Forno, 1153, 30121 Venezia VE","end_location_name":"Chiesa di Santa Maria dei Miracoli","partner_object":null},"_links":{"self":[{"href":"https:\/\/explorial.com\/fr\/wp-json\/wp\/v2\/product\/112564","targetHints":{"allow":["GET"]}}],"collection":[{"href":"https:\/\/explorial.com\/fr\/wp-json\/wp\/v2\/product"}],"about":[{"href":"https:\/\/explorial.com\/fr\/wp-json\/wp\/v2\/types\/product"}],"replies":[{"embeddable":true,"href":"https:\/\/explorial.com\/fr\/wp-json\/wp\/v2\/comments?post=112564"}],"wp:featuredmedia":[{"embeddable":true,"href":"https:\/\/explorial.com\/fr\/wp-json\/wp\/v2\/media\/112383"}],"wp:attachment":[{"href":"https:\/\/explorial.com\/fr\/wp-json\/wp\/v2\/media?parent=112564"}],"wp:term":[{"taxonomy":"product_brand","embeddable":true,"href":"https:\/\/explorial.com\/fr\/wp-json\/wp\/v2\/product_brand?post=112564"},{"taxonomy":"product_cat","embeddable":true,"href":"https:\/\/explorial.com\/fr\/wp-json\/wp\/v2\/product_cat?post=112564"},{"taxonomy":"product_tag","embeddable":true,"href":"https:\/\/explorial.com\/fr\/wp-json\/wp\/v2\/product_tag?post=112564"}],"curies":[{"name":"wp","href":"https:\/\/api.w.org\/{rel}","templated":true}]}}