{"id":112346,"date":"2023-08-29T13:02:03","date_gmt":"2023-08-29T13:02:03","guid":{"rendered":"https:\/\/explorial.com\/trails\/tour-de-ville-venise-1\/"},"modified":"2024-09-17T12:14:04","modified_gmt":"2024-09-17T12:14:04","slug":"tour-de-ville-venise-1","status":"publish","type":"product","link":"https:\/\/explorial.com\/fr\/trails\/tour-de-ville-venise-1\/","title":{"rendered":"Venise (San Marco e San Polo)"},"content":{"rendered":"","protected":false},"excerpt":{"rendered":"","protected":false},"featured_media":112165,"comment_status":"open","ping_status":"closed","template":"","meta":{"_acf_changed":false},"product_brand":[],"product_cat":[1436,1442],"product_tag":[1849],"class_list":{"0":"post-112346","1":"product","2":"type-product","3":"status-publish","4":"has-post-thumbnail","6":"product_cat-italy-fr","7":"product_cat-veneto-fr","8":"product_tag-venice-es","10":"first","11":"instock","12":"sale","13":"taxable","14":"shipping-taxable","15":"purchasable","16":"product-type-variable"},"acf":{"city_name":"Venise","city_name_display":"Venise (San Marco e San Polo)","languages":"Anglais, Italien","duration":"environ 1,5 \u00e0 2 heures","description_1":"","description_2":"","city_description":"","short_description":"","notes":"","header_image":112159,"highlight_locations":"Ponte di Rialto, Piazza San Marco, Casino Venier","additional_wheelchair":"Malheureusement, cette piste n\u2019est que partiellement adapt\u00e9e aux fauteuils roulants et aux poussettes en raison de ses pentes et de ses escaliers. Cependant, la piste peut \u00eatre jou\u00e9e, mais certains endroits peuvent \u00eatre plus difficiles d\u2019acc\u00e8s.","voucher_link":"","start_location_coordinates":"45.43889, 12.33559","start_location_name":"Campo Erberia","start_location_address":"Campo Erberia, 30100 Venezia VE, Italia","end_location_name":"Ponte dei Sospiri","partner_object":null},"_links":{"self":[{"href":"https:\/\/explorial.com\/fr\/wp-json\/wp\/v2\/product\/112346","targetHints":{"allow":["GET"]}}],"collection":[{"href":"https:\/\/explorial.com\/fr\/wp-json\/wp\/v2\/product"}],"about":[{"href":"https:\/\/explorial.com\/fr\/wp-json\/wp\/v2\/types\/product"}],"replies":[{"embeddable":true,"href":"https:\/\/explorial.com\/fr\/wp-json\/wp\/v2\/comments?post=112346"}],"wp:featuredmedia":[{"embeddable":true,"href":"https:\/\/explorial.com\/fr\/wp-json\/wp\/v2\/media\/112165"}],"wp:attachment":[{"href":"https:\/\/explorial.com\/fr\/wp-json\/wp\/v2\/media?parent=112346"}],"wp:term":[{"taxonomy":"product_brand","embeddable":true,"href":"https:\/\/explorial.com\/fr\/wp-json\/wp\/v2\/product_brand?post=112346"},{"taxonomy":"product_cat","embeddable":true,"href":"https:\/\/explorial.com\/fr\/wp-json\/wp\/v2\/product_cat?post=112346"},{"taxonomy":"product_tag","embeddable":true,"href":"https:\/\/explorial.com\/fr\/wp-json\/wp\/v2\/product_tag?post=112346"}],"curies":[{"name":"wp","href":"https:\/\/api.w.org\/{rel}","templated":true}]}}