{"id":109282,"date":"2023-08-21T08:39:53","date_gmt":"2023-08-21T08:39:53","guid":{"rendered":"https:\/\/explorial.com\/trails\/tour-de-ville-grenoble-1\/"},"modified":"2024-09-17T09:15:47","modified_gmt":"2024-09-17T09:15:47","slug":"tour-de-ville-grenoble-1","status":"publish","type":"product","link":"https:\/\/explorial.com\/fr\/trails\/tour-de-ville-grenoble-1\/","title":{"rendered":"Grenoble"},"content":{"rendered":"","protected":false},"excerpt":{"rendered":"","protected":false},"featured_media":109095,"comment_status":"open","ping_status":"closed","template":"","meta":{"_acf_changed":false},"product_brand":[],"product_cat":[1406,1125],"product_tag":[1821],"class_list":{"0":"post-109282","1":"product","2":"type-product","3":"status-publish","4":"has-post-thumbnail","6":"product_cat-auvergne-rhone-alpes-fr","7":"product_cat-france-fr","8":"product_tag-grenoble-es","10":"first","11":"instock","12":"sale","13":"taxable","14":"shipping-taxable","15":"purchasable","16":"product-type-variable"},"acf":{"city_name":"Grenoble","city_name_display":"Grenoble","languages":"Anglais, Fran\u00e7ais","duration":"environ 1,5 \u00e0 2 heures","description_1":"","description_2":"","city_description":"Grenoble est une ville entour\u00e9e de toute part de montagnes et de collines aux points de vue \u00e0 couper le souffle. Le centre-ville pr\u00e9sente un charme ind\u00e9niable, parsem\u00e9e de ruelles \u00e9troites d\u2019une part et de splendides b\u00e2tissent de l\u2019autre. Un m\u00e9lange architectural qui refl\u00e8te la longue histoire de Grenoble. Nomm\u00e9e capitale verte europ\u00e9enne 2022, Grenoble est une ville qui saura vous surprendre de multiples mani\u00e8res ; dont son histoire intrigante, qui a grandement influenc\u00e9 celle du reste de l\u2019Europe.","short_description":"","notes":"","header_image":109089,"highlight_locations":"Passerelle Saint-Laurent, Fontaine des trois ordres, Place Victor Hugo","additional_wheelchair":"Malheureusement, cette piste n\u2019est que partiellement adapt\u00e9e aux fauteuils roulants et aux poussettes en raison de ses pentes et de ses escaliers. Cependant, la piste peut \u00eatre jou\u00e9e, mais certains endroits peuvent \u00eatre plus difficiles d\u2019acc\u00e8s.","voucher_link":"","start_location_coordinates":"45.19235, 5.72668","start_location_name":"Le kiosque ","start_location_address":"Jardin de ville\n38000 Grenoble\nFrance","end_location_name":"Place Victor Hugo","partner_object":null},"_links":{"self":[{"href":"https:\/\/explorial.com\/fr\/wp-json\/wp\/v2\/product\/109282","targetHints":{"allow":["GET"]}}],"collection":[{"href":"https:\/\/explorial.com\/fr\/wp-json\/wp\/v2\/product"}],"about":[{"href":"https:\/\/explorial.com\/fr\/wp-json\/wp\/v2\/types\/product"}],"replies":[{"embeddable":true,"href":"https:\/\/explorial.com\/fr\/wp-json\/wp\/v2\/comments?post=109282"}],"wp:featuredmedia":[{"embeddable":true,"href":"https:\/\/explorial.com\/fr\/wp-json\/wp\/v2\/media\/109095"}],"wp:attachment":[{"href":"https:\/\/explorial.com\/fr\/wp-json\/wp\/v2\/media?parent=109282"}],"wp:term":[{"taxonomy":"product_brand","embeddable":true,"href":"https:\/\/explorial.com\/fr\/wp-json\/wp\/v2\/product_brand?post=109282"},{"taxonomy":"product_cat","embeddable":true,"href":"https:\/\/explorial.com\/fr\/wp-json\/wp\/v2\/product_cat?post=109282"},{"taxonomy":"product_tag","embeddable":true,"href":"https:\/\/explorial.com\/fr\/wp-json\/wp\/v2\/product_tag?post=109282"}],"curies":[{"name":"wp","href":"https:\/\/api.w.org\/{rel}","templated":true}]}}