{"id":106541,"date":"2023-08-14T13:51:17","date_gmt":"2023-08-14T13:51:17","guid":{"rendered":"https:\/\/explorial.com\/trails\/tour-de-ville-varanasi-1\/"},"modified":"2024-09-09T15:00:48","modified_gmt":"2024-09-09T15:00:48","slug":"tour-de-ville-varanasi-1","status":"publish","type":"product","link":"https:\/\/explorial.com\/fr\/trails\/tour-de-ville-varanasi-1\/","title":{"rendered":"Varanasi"},"content":{"rendered":"","protected":false},"excerpt":{"rendered":"","protected":false},"featured_media":106360,"comment_status":"open","ping_status":"closed","template":"","meta":{"_acf_changed":false},"product_brand":[],"product_cat":[1363,1765],"product_tag":[1759],"class_list":{"0":"post-106541","1":"product","2":"type-product","3":"status-publish","4":"has-post-thumbnail","6":"product_cat-india-fr","7":"product_cat-uttar-pradesh-fr","8":"product_tag-varanasi-fr","10":"first","11":"instock","12":"sale","13":"taxable","14":"shipping-taxable","15":"purchasable","16":"product-type-variable"},"acf":{"city_name":"Varanasi","city_name_display":"Varanasi","languages":"Anglais","duration":"environ 1,5 \u00e0 2 heures","description_1":"","description_2":"","city_description":"","short_description":"","notes":"","header_image":106354,"highlight_locations":"Dashashwamedh Ghat, Shri Kashi Vishwanath Temple, Nepali Temple","additional_wheelchair":"Malheureusement, cette piste n\u2019est que partiellement adapt\u00e9e aux fauteuils roulants et aux poussettes en raison de ses pentes et de ses escaliers. Cependant, la piste peut \u00eatre jou\u00e9e, mais certains endroits peuvent \u00eatre plus difficiles d\u2019acc\u00e8s.","voucher_link":"","start_location_coordinates":"25.31694, 83.02033","start_location_name":"Sheetla Ghat","start_location_address":"828C+R4R, Beside Ganga River, near Bundi Parkota Ghat, Varanasi, Uttar Pradesh 221001, India","end_location_name":"Darbhanga Ghat","partner_object":null},"_links":{"self":[{"href":"https:\/\/explorial.com\/fr\/wp-json\/wp\/v2\/product\/106541","targetHints":{"allow":["GET"]}}],"collection":[{"href":"https:\/\/explorial.com\/fr\/wp-json\/wp\/v2\/product"}],"about":[{"href":"https:\/\/explorial.com\/fr\/wp-json\/wp\/v2\/types\/product"}],"replies":[{"embeddable":true,"href":"https:\/\/explorial.com\/fr\/wp-json\/wp\/v2\/comments?post=106541"}],"wp:featuredmedia":[{"embeddable":true,"href":"https:\/\/explorial.com\/fr\/wp-json\/wp\/v2\/media\/106360"}],"wp:attachment":[{"href":"https:\/\/explorial.com\/fr\/wp-json\/wp\/v2\/media?parent=106541"}],"wp:term":[{"taxonomy":"product_brand","embeddable":true,"href":"https:\/\/explorial.com\/fr\/wp-json\/wp\/v2\/product_brand?post=106541"},{"taxonomy":"product_cat","embeddable":true,"href":"https:\/\/explorial.com\/fr\/wp-json\/wp\/v2\/product_cat?post=106541"},{"taxonomy":"product_tag","embeddable":true,"href":"https:\/\/explorial.com\/fr\/wp-json\/wp\/v2\/product_tag?post=106541"}],"curies":[{"name":"wp","href":"https:\/\/api.w.org\/{rel}","templated":true}]}}