{"id":102226,"date":"2023-07-27T09:11:48","date_gmt":"2023-07-27T09:11:48","guid":{"rendered":"https:\/\/explorial.com\/trails\/tour-de-ville-naples-1\/"},"modified":"2024-09-17T12:35:32","modified_gmt":"2024-09-17T12:35:32","slug":"tour-de-ville-naples-1","status":"publish","type":"product","link":"https:\/\/explorial.com\/fr\/trails\/tour-de-ville-naples-1\/","title":{"rendered":"Naples (Distretto Vomero)"},"content":{"rendered":"","protected":false},"excerpt":{"rendered":"","protected":false},"featured_media":102045,"comment_status":"open","ping_status":"closed","template":"","meta":{"_acf_changed":false},"product_brand":[],"product_cat":[1685,1436],"product_tag":[1679],"class_list":{"0":"post-102226","1":"product","2":"type-product","3":"status-publish","4":"has-post-thumbnail","6":"product_cat-campania-fr","7":"product_cat-italy-fr","8":"product_tag-naples-fr","10":"first","11":"instock","12":"sale","13":"taxable","14":"shipping-taxable","15":"purchasable","16":"product-type-variable"},"acf":{"city_name":"Naples","city_name_display":"Naples (Distretto Vomero)","languages":"Anglais, Italien","duration":"environ 1,5 \u00e0 2 heures","description_1":"","description_2":"","city_description":"","short_description":"","notes":"","header_image":102446,"highlight_locations":"Castel Sant\u2019Elmo, Gradini del Petraio, Via Luigia Sanfelice","additional_wheelchair":"Malheureusement, cette piste n\u2019est que partiellement adapt\u00e9e aux fauteuils roulants et aux poussettes en raison de ses pentes et de ses escaliers. Cependant, la piste peut \u00eatre jou\u00e9e, mais certains endroits peuvent \u00eatre plus difficiles d\u2019acc\u00e8s.","voucher_link":"","start_location_coordinates":"40.84778, 14.22821","start_location_name":"Piazza degli Artisti","start_location_address":"Piazza degli Artisti, 80129 Napoli, Italia","end_location_name":"Belvedere di San Martino","partner_object":null},"_links":{"self":[{"href":"https:\/\/explorial.com\/fr\/wp-json\/wp\/v2\/product\/102226","targetHints":{"allow":["GET"]}}],"collection":[{"href":"https:\/\/explorial.com\/fr\/wp-json\/wp\/v2\/product"}],"about":[{"href":"https:\/\/explorial.com\/fr\/wp-json\/wp\/v2\/types\/product"}],"replies":[{"embeddable":true,"href":"https:\/\/explorial.com\/fr\/wp-json\/wp\/v2\/comments?post=102226"}],"wp:featuredmedia":[{"embeddable":true,"href":"https:\/\/explorial.com\/fr\/wp-json\/wp\/v2\/media\/102045"}],"wp:attachment":[{"href":"https:\/\/explorial.com\/fr\/wp-json\/wp\/v2\/media?parent=102226"}],"wp:term":[{"taxonomy":"product_brand","embeddable":true,"href":"https:\/\/explorial.com\/fr\/wp-json\/wp\/v2\/product_brand?post=102226"},{"taxonomy":"product_cat","embeddable":true,"href":"https:\/\/explorial.com\/fr\/wp-json\/wp\/v2\/product_cat?post=102226"},{"taxonomy":"product_tag","embeddable":true,"href":"https:\/\/explorial.com\/fr\/wp-json\/wp\/v2\/product_tag?post=102226"}],"curies":[{"name":"wp","href":"https:\/\/api.w.org\/{rel}","templated":true}]}}