{"id":99836,"date":"2023-07-11T14:34:19","date_gmt":"2023-07-11T14:34:19","guid":{"rendered":"https:\/\/explorial.com\/trails\/visita-de-la-ciudad-sao-paulo-1\/"},"modified":"2024-09-09T10:13:42","modified_gmt":"2024-09-09T10:13:42","slug":"visita-de-la-ciudad-sao-paulo-1","status":"publish","type":"product","link":"https:\/\/explorial.com\/es\/trails\/visita-de-la-ciudad-sao-paulo-1\/","title":{"rendered":"S\u00e3o Paulo (Parque del Ibirapuera)"},"content":{"rendered":"","protected":false},"excerpt":{"rendered":"","protected":false},"featured_media":99687,"comment_status":"open","ping_status":"closed","template":"","meta":{"_acf_changed":false},"product_brand":[],"product_cat":[1635,1641],"product_tag":[1647],"class_list":{"0":"post-99836","1":"product","2":"type-product","3":"status-publish","4":"has-post-thumbnail","6":"product_cat-brazil-es","7":"product_cat-southeast-region-es","8":"product_tag-sao-paulo-es","10":"first","11":"instock","12":"sale","13":"taxable","14":"shipping-taxable","15":"purchasable","16":"product-type-variable"},"acf":{"city_name":"S\u00e3o Paulo","city_name_display":"S\u00e3o Paulo (Parque del Ibirapuera)","languages":"Portugu\u00e9s, Ingl\u00e9s, Espa\u00f1ol","duration":"aprox. 1.5 - 2 horas","description_1":"","description_2":"","city_description":"S\u00e3o Paulo es la metr\u00f3poli nacional de Brasil y la ciudad m\u00e1s grande del hemisferio sur, un lugar lleno de gente, calles concurridas, grandes edificios, diversi\u00f3n y arte. Un s\u00edmbolo de la caleidosc\u00f3pica diversidad cultural del pa\u00eds. Pero esta megaciudad no es solo una jungla de concreto. En medio del bullicio urbano, hay m\u00e1s de 100\u00a0parques p\u00fablicos. Y el m\u00e1s ic\u00f3nico de todos es el Parque del Ibirapuera, \u00a1un refugio verde lleno de atracciones imperdibles!","short_description":"","notes":"","header_image":99681,"highlight_locations":"Audit\u00f3rio Ibirapuera, Museu Afro Brasil, MAM - Museu de Arte Moderna","additional_wheelchair":"Lamentablemente, este recorrido es s\u00f3lo parcialmente apto para sillas de ruedas y coches de beb\u00e9s debido a los desniveles y escaleras. No obstante, el recorrido se puede realizar, pero algunos tramos pueden ser de dif\u00edcil acceso.","voucher_link":"","start_location_coordinates":"-23.57988, -46.66087","start_location_name":"Monumento a las \u201cBandeiras\u201d","start_location_address":"Plaza Armando de Sales Oliveira, Vila Mariana, S\u00e3o Paulo, Brasil","end_location_name":"Auditorio del Ibirapuera","partner_object":null},"_links":{"self":[{"href":"https:\/\/explorial.com\/es\/wp-json\/wp\/v2\/product\/99836","targetHints":{"allow":["GET"]}}],"collection":[{"href":"https:\/\/explorial.com\/es\/wp-json\/wp\/v2\/product"}],"about":[{"href":"https:\/\/explorial.com\/es\/wp-json\/wp\/v2\/types\/product"}],"replies":[{"embeddable":true,"href":"https:\/\/explorial.com\/es\/wp-json\/wp\/v2\/comments?post=99836"}],"wp:featuredmedia":[{"embeddable":true,"href":"https:\/\/explorial.com\/es\/wp-json\/wp\/v2\/media\/99687"}],"wp:attachment":[{"href":"https:\/\/explorial.com\/es\/wp-json\/wp\/v2\/media?parent=99836"}],"wp:term":[{"taxonomy":"product_brand","embeddable":true,"href":"https:\/\/explorial.com\/es\/wp-json\/wp\/v2\/product_brand?post=99836"},{"taxonomy":"product_cat","embeddable":true,"href":"https:\/\/explorial.com\/es\/wp-json\/wp\/v2\/product_cat?post=99836"},{"taxonomy":"product_tag","embeddable":true,"href":"https:\/\/explorial.com\/es\/wp-json\/wp\/v2\/product_tag?post=99836"}],"curies":[{"name":"wp","href":"https:\/\/api.w.org\/{rel}","templated":true}]}}