{"id":99620,"date":"2023-07-11T14:29:04","date_gmt":"2023-07-11T14:29:04","guid":{"rendered":"https:\/\/explorial.com\/trails\/visita-de-la-ciudad-paraty-1\/"},"modified":"2024-09-09T10:10:20","modified_gmt":"2024-09-09T10:10:20","slug":"visita-de-la-ciudad-paraty-1","status":"publish","type":"product","link":"https:\/\/explorial.com\/es\/trails\/visita-de-la-ciudad-paraty-1\/","title":{"rendered":"Paraty"},"content":{"rendered":"","protected":false},"excerpt":{"rendered":"","protected":false},"featured_media":99471,"comment_status":"open","ping_status":"closed","template":"","meta":{"_acf_changed":false},"product_brand":[],"product_cat":[1635,1641],"product_tag":[1629],"class_list":{"0":"post-99620","1":"product","2":"type-product","3":"status-publish","4":"has-post-thumbnail","6":"product_cat-brazil-es","7":"product_cat-southeast-region-es","8":"product_tag-paraty-es","10":"first","11":"instock","12":"sale","13":"taxable","14":"shipping-taxable","15":"purchasable","16":"product-type-variable"},"acf":{"city_name":"Paraty","city_name_display":"Paraty","languages":"Portugu\u00e9s, Ingl\u00e9s, Espa\u00f1ol","duration":"aprox. 1.5 - 2 horas","description_1":"","description_2":"","city_description":"Paraty es una peque\u00f1a y encantadora ciudad en la costa sur del estado de R\u00edo de Janeiro. En el pasado fue un pr\u00f3spero puerto de oro, ahora es un refugio para artistas populares y un destino tur\u00edstico con muchos lugares interesantes. Sus principales atractivos son su arquitectura colonial y sus exuberantes maravillas naturales, que dejan sin palabras a cualquier visitante.","short_description":"","notes":"","header_image":99465,"highlight_locations":"Igreja de Santa Rita de C\u00e1ssia, Cais de Paraty, Casar\u00e3o dos S\u00edmbolos","additional_wheelchair":"Lamentablemente, este recorrido es s\u00f3lo parcialmente apto para sillas de ruedas y coches de beb\u00e9s debido a los desniveles y escaleras. No obstante, el recorrido se puede realizar, pero algunos tramos pueden ser de dif\u00edcil acceso.","voucher_link":"","start_location_coordinates":"-23.22081, -44.71341","start_location_name":"Antigua C\u00e1rcel (Antiga Cadeia)","start_location_address":"Tv. Santa Rita, 23970-000, Brasil","end_location_name":"Muelle de Paraty","partner_object":null},"_links":{"self":[{"href":"https:\/\/explorial.com\/es\/wp-json\/wp\/v2\/product\/99620","targetHints":{"allow":["GET"]}}],"collection":[{"href":"https:\/\/explorial.com\/es\/wp-json\/wp\/v2\/product"}],"about":[{"href":"https:\/\/explorial.com\/es\/wp-json\/wp\/v2\/types\/product"}],"replies":[{"embeddable":true,"href":"https:\/\/explorial.com\/es\/wp-json\/wp\/v2\/comments?post=99620"}],"wp:featuredmedia":[{"embeddable":true,"href":"https:\/\/explorial.com\/es\/wp-json\/wp\/v2\/media\/99471"}],"wp:attachment":[{"href":"https:\/\/explorial.com\/es\/wp-json\/wp\/v2\/media?parent=99620"}],"wp:term":[{"taxonomy":"product_brand","embeddable":true,"href":"https:\/\/explorial.com\/es\/wp-json\/wp\/v2\/product_brand?post=99620"},{"taxonomy":"product_cat","embeddable":true,"href":"https:\/\/explorial.com\/es\/wp-json\/wp\/v2\/product_cat?post=99620"},{"taxonomy":"product_tag","embeddable":true,"href":"https:\/\/explorial.com\/es\/wp-json\/wp\/v2\/product_tag?post=99620"}],"curies":[{"name":"wp","href":"https:\/\/api.w.org\/{rel}","templated":true}]}}