{"id":97147,"date":"2023-06-26T13:14:08","date_gmt":"2023-06-26T13:14:08","guid":{"rendered":"https:\/\/explorial.com\/trails\/visita-de-la-ciudad-lausana-2\/"},"modified":"2024-09-16T09:15:07","modified_gmt":"2024-09-16T09:15:07","slug":"visita-de-la-ciudad-lausana-2","status":"publish","type":"product","link":"https:\/\/explorial.com\/es\/trails\/visita-de-la-ciudad-lausana-2\/","title":{"rendered":"Lausana (Quartier d&#8217;Ouchy)"},"content":{"rendered":"","protected":false},"excerpt":{"rendered":"","protected":false},"featured_media":96998,"comment_status":"open","ping_status":"closed","template":"","meta":{"_acf_changed":false},"product_brand":[],"product_cat":[876,821],"product_tag":[881],"class_list":{"0":"post-97147","1":"product","2":"type-product","3":"status-publish","4":"has-post-thumbnail","6":"product_cat-lake-geneva-region-es","7":"product_cat-switzerland-es","8":"product_tag-lausanne-es","10":"first","11":"instock","12":"sale","13":"taxable","14":"shipping-taxable","15":"purchasable","16":"product-type-variable"},"acf":{"city_name":"Lausana","city_name_display":"Lausana (Quartier d'Ouchy)","languages":"Franc\u00e9s, Ingl\u00e9s, Alem\u00e1n","duration":"aprox. 1.5 - 2 horas","description_1":"","description_2":"","city_description":"","short_description":"","notes":"","header_image":96992,"highlight_locations":"Boulevard Grancy, L'horloge olympique, Le feu olympique","additional_wheelchair":"Lamentablemente, este recorrido es s\u00f3lo parcialmente apto para sillas de ruedas y coches de beb\u00e9s debido a los desniveles y escaleras. No obstante, el recorrido se puede realizar, pero algunos tramos pueden ser de dif\u00edcil acceso.","voucher_link":"","start_location_coordinates":"46.51498, 6.62489","start_location_name":"Le parc Milan","start_location_address":"Parc de MIlan \n1007 Lausanne\nSuisse","end_location_name":"Le feu olympique","partner_object":null},"_links":{"self":[{"href":"https:\/\/explorial.com\/es\/wp-json\/wp\/v2\/product\/97147","targetHints":{"allow":["GET"]}}],"collection":[{"href":"https:\/\/explorial.com\/es\/wp-json\/wp\/v2\/product"}],"about":[{"href":"https:\/\/explorial.com\/es\/wp-json\/wp\/v2\/types\/product"}],"replies":[{"embeddable":true,"href":"https:\/\/explorial.com\/es\/wp-json\/wp\/v2\/comments?post=97147"}],"wp:featuredmedia":[{"embeddable":true,"href":"https:\/\/explorial.com\/es\/wp-json\/wp\/v2\/media\/96998"}],"wp:attachment":[{"href":"https:\/\/explorial.com\/es\/wp-json\/wp\/v2\/media?parent=97147"}],"wp:term":[{"taxonomy":"product_brand","embeddable":true,"href":"https:\/\/explorial.com\/es\/wp-json\/wp\/v2\/product_brand?post=97147"},{"taxonomy":"product_cat","embeddable":true,"href":"https:\/\/explorial.com\/es\/wp-json\/wp\/v2\/product_cat?post=97147"},{"taxonomy":"product_tag","embeddable":true,"href":"https:\/\/explorial.com\/es\/wp-json\/wp\/v2\/product_tag?post=97147"}],"curies":[{"name":"wp","href":"https:\/\/api.w.org\/{rel}","templated":true}]}}