{"id":96055,"date":"2023-06-14T10:59:00","date_gmt":"2023-06-14T10:59:00","guid":{"rendered":"https:\/\/explorial.com\/trails\/visita-de-la-ciudad-sintra-1\/"},"modified":"2024-09-17T13:29:13","modified_gmt":"2024-09-17T13:29:13","slug":"visita-de-la-ciudad-sintra-1","status":"publish","type":"product","link":"https:\/\/explorial.com\/es\/trails\/visita-de-la-ciudad-sintra-1\/","title":{"rendered":"Sintra"},"content":{"rendered":"","protected":false},"excerpt":{"rendered":"","protected":false},"featured_media":95906,"comment_status":"open","ping_status":"closed","template":"","meta":{"_acf_changed":false},"product_brand":[],"product_cat":[478,480],"product_tag":[1546],"class_list":{"0":"post-96055","1":"product","2":"type-product","3":"status-publish","4":"has-post-thumbnail","6":"product_cat-portugal-es","7":"product_cat-lisbon-region-es","8":"product_tag-sintra-es","10":"first","11":"instock","12":"sale","13":"taxable","14":"shipping-taxable","15":"purchasable","16":"product-type-variable"},"acf":{"city_name":"Sintra","city_name_display":"Sintra","languages":"Portugu\u00e9s, Ingl\u00e9s","duration":"aprox. 1.5 - 2 horas","description_1":"","description_2":"","city_description":"","short_description":"","notes":"","header_image":203122,"highlight_locations":"Pal\u00e1cio de Seteais, Chafariz Manuelino, Pal\u00e1cio e Quinta da Regaleira","additional_wheelchair":"Lamentablemente, este recorrido es s\u00f3lo parcialmente apto para sillas de ruedas y coches de beb\u00e9s debido a los desniveles y escaleras. No obstante, el recorrido se puede realizar, pero algunos tramos pueden ser de dif\u00edcil acceso.","voucher_link":"","start_location_coordinates":"38.79885, -9.3876","start_location_name":"Espa\u00e7o Cidad\u00e3o de Sintra","start_location_address":"R. Dr. Alfredo da Costa 5, 2710-556 Sintra, Portugal","end_location_name":"Pal\u00e1cio de Seteais","partner_object":null},"_links":{"self":[{"href":"https:\/\/explorial.com\/es\/wp-json\/wp\/v2\/product\/96055","targetHints":{"allow":["GET"]}}],"collection":[{"href":"https:\/\/explorial.com\/es\/wp-json\/wp\/v2\/product"}],"about":[{"href":"https:\/\/explorial.com\/es\/wp-json\/wp\/v2\/types\/product"}],"replies":[{"embeddable":true,"href":"https:\/\/explorial.com\/es\/wp-json\/wp\/v2\/comments?post=96055"}],"wp:featuredmedia":[{"embeddable":true,"href":"https:\/\/explorial.com\/es\/wp-json\/wp\/v2\/media\/95906"}],"wp:attachment":[{"href":"https:\/\/explorial.com\/es\/wp-json\/wp\/v2\/media?parent=96055"}],"wp:term":[{"taxonomy":"product_brand","embeddable":true,"href":"https:\/\/explorial.com\/es\/wp-json\/wp\/v2\/product_brand?post=96055"},{"taxonomy":"product_cat","embeddable":true,"href":"https:\/\/explorial.com\/es\/wp-json\/wp\/v2\/product_cat?post=96055"},{"taxonomy":"product_tag","embeddable":true,"href":"https:\/\/explorial.com\/es\/wp-json\/wp\/v2\/product_tag?post=96055"}],"curies":[{"name":"wp","href":"https:\/\/api.w.org\/{rel}","templated":true}]}}