{"id":94461,"date":"2023-06-08T12:41:48","date_gmt":"2023-06-08T12:41:48","guid":{"rendered":"https:\/\/explorial.com\/trails\/visita-de-la-ciudad-fort-worth-1\/"},"modified":"2024-09-10T12:24:24","modified_gmt":"2024-09-10T12:24:24","slug":"visita-de-la-ciudad-fort-worth-1","status":"publish","type":"product","link":"https:\/\/explorial.com\/es\/trails\/visita-de-la-ciudad-fort-worth-1\/","title":{"rendered":"Fort Worth"},"content":{"rendered":"","protected":false},"excerpt":{"rendered":"","protected":false},"featured_media":94312,"comment_status":"open","ping_status":"closed","template":"","meta":{"_acf_changed":false},"product_brand":[],"product_cat":[1045,1050],"product_tag":[1480],"class_list":{"0":"post-94461","1":"product","2":"type-product","3":"status-publish","4":"has-post-thumbnail","6":"product_cat-united-states-es","7":"product_cat-texas-es","8":"product_tag-fort-worth-es","10":"first","11":"instock","12":"sale","13":"taxable","14":"shipping-taxable","15":"purchasable","16":"product-type-variable"},"acf":{"city_name":"Fort Worth","city_name_display":"Fort Worth","languages":"Ingl\u00e9s, Espa\u00f1ol","duration":"aprox. 1.5 - 2 horas","description_1":"","description_2":"","city_description":"El centro de Fort Worth cuenta con un colorido pasado. La ciudad forma parte de una de las \u00e1reas metropolitanas m\u00e1s pobladas de Estados Unidos, pero a\u00fan conserva su encanto del viejo Oeste. Retrocede en el tiempo y da un paseo por Sundance Square a la vez que descubres la historia que se esconde tras los monumentos hist\u00f3ricos de la ciudad.","short_description":"","notes":"","header_image":94306,"highlight_locations":"JFK Tribute, Fort Worth\u2019s Flatiron Building, Fort Worth Water Gardens","additional_wheelchair":"Lamentablemente, este recorrido es s\u00f3lo parcialmente apto para sillas de ruedas y coches de beb\u00e9s debido a los desniveles y escaleras. No obstante, el recorrido se puede realizar, pero algunos tramos pueden ser de dif\u00edcil acceso.","voucher_link":"","start_location_coordinates":"32.75719, -97.33373","start_location_name":"Monumento a las fuerzas del orden del condado de Tarrant","start_location_address":"100 E Weatherford St, Fort Worth, TX 76196, EE.\u00a0UU.","end_location_name":"Jardines acu\u00e1ticos de Fort Worth","partner_object":null},"_links":{"self":[{"href":"https:\/\/explorial.com\/es\/wp-json\/wp\/v2\/product\/94461","targetHints":{"allow":["GET"]}}],"collection":[{"href":"https:\/\/explorial.com\/es\/wp-json\/wp\/v2\/product"}],"about":[{"href":"https:\/\/explorial.com\/es\/wp-json\/wp\/v2\/types\/product"}],"replies":[{"embeddable":true,"href":"https:\/\/explorial.com\/es\/wp-json\/wp\/v2\/comments?post=94461"}],"wp:featuredmedia":[{"embeddable":true,"href":"https:\/\/explorial.com\/es\/wp-json\/wp\/v2\/media\/94312"}],"wp:attachment":[{"href":"https:\/\/explorial.com\/es\/wp-json\/wp\/v2\/media?parent=94461"}],"wp:term":[{"taxonomy":"product_brand","embeddable":true,"href":"https:\/\/explorial.com\/es\/wp-json\/wp\/v2\/product_brand?post=94461"},{"taxonomy":"product_cat","embeddable":true,"href":"https:\/\/explorial.com\/es\/wp-json\/wp\/v2\/product_cat?post=94461"},{"taxonomy":"product_tag","embeddable":true,"href":"https:\/\/explorial.com\/es\/wp-json\/wp\/v2\/product_tag?post=94461"}],"curies":[{"name":"wp","href":"https:\/\/api.w.org\/{rel}","templated":true}]}}