{"id":91950,"date":"2023-05-26T21:33:28","date_gmt":"2023-05-26T21:33:28","guid":{"rendered":"https:\/\/explorial.com\/trails\/visita-de-la-ciudad-lyon-1\/"},"modified":"2024-09-17T09:12:48","modified_gmt":"2024-09-17T09:12:48","slug":"visita-de-la-ciudad-lyon-1","status":"publish","type":"product","link":"https:\/\/explorial.com\/es\/trails\/visita-de-la-ciudad-lyon-1\/","title":{"rendered":"Lyon"},"content":{"rendered":"","protected":false},"excerpt":{"rendered":"","protected":false},"featured_media":91801,"comment_status":"open","ping_status":"closed","template":"","meta":{"_acf_changed":false},"product_brand":[],"product_cat":[1405,501],"product_tag":[1399],"class_list":{"0":"post-91950","1":"product","2":"type-product","3":"status-publish","4":"has-post-thumbnail","6":"product_cat-auvergne-rhone-alpes-es","7":"product_cat-france-es","8":"product_tag-lyon-es","10":"first","11":"instock","12":"sale","13":"taxable","14":"shipping-taxable","15":"purchasable","16":"product-type-variable"},"acf":{"city_name":"Lyon","city_name_display":"Lyon","languages":"Franc\u00e9s, Ingl\u00e9s, Italiano, Alem\u00e1n","duration":"aprox. 1.5 - 2 horas","description_1":"","description_2":"","city_description":"","short_description":"","notes":"","header_image":91795,"highlight_locations":"Cath\u00e9drale Saint Jean-Baptiste, La fresque des Lyonnais, L\u2019H\u00f4tel de ville ","additional_wheelchair":"Lamentablemente, este recorrido es s\u00f3lo parcialmente apto para sillas de ruedas y coches de beb\u00e9s debido a los desniveles y escaleras. No obstante, el recorrido se puede realizar, pero algunos tramos pueden ser de dif\u00edcil acceso.","voucher_link":"","start_location_coordinates":"45.76001, 4.82646","start_location_name":"Carte du vieux Lyon","start_location_address":"Cath\u00e9drale Saint-Jean-Baptiste, 69005 Lyon, France","end_location_name":"L\u2019Op\u00e9ra National","partner_object":null},"_links":{"self":[{"href":"https:\/\/explorial.com\/es\/wp-json\/wp\/v2\/product\/91950","targetHints":{"allow":["GET"]}}],"collection":[{"href":"https:\/\/explorial.com\/es\/wp-json\/wp\/v2\/product"}],"about":[{"href":"https:\/\/explorial.com\/es\/wp-json\/wp\/v2\/types\/product"}],"replies":[{"embeddable":true,"href":"https:\/\/explorial.com\/es\/wp-json\/wp\/v2\/comments?post=91950"}],"wp:featuredmedia":[{"embeddable":true,"href":"https:\/\/explorial.com\/es\/wp-json\/wp\/v2\/media\/91801"}],"wp:attachment":[{"href":"https:\/\/explorial.com\/es\/wp-json\/wp\/v2\/media?parent=91950"}],"wp:term":[{"taxonomy":"product_brand","embeddable":true,"href":"https:\/\/explorial.com\/es\/wp-json\/wp\/v2\/product_brand?post=91950"},{"taxonomy":"product_cat","embeddable":true,"href":"https:\/\/explorial.com\/es\/wp-json\/wp\/v2\/product_cat?post=91950"},{"taxonomy":"product_tag","embeddable":true,"href":"https:\/\/explorial.com\/es\/wp-json\/wp\/v2\/product_tag?post=91950"}],"curies":[{"name":"wp","href":"https:\/\/api.w.org\/{rel}","templated":true}]}}