{"id":83527,"date":"2023-05-02T20:19:45","date_gmt":"2023-05-02T20:19:45","guid":{"rendered":"https:\/\/explorial.com\/trails\/visita-de-la-ciudad-merida-1\/"},"modified":"2024-09-10T07:47:52","modified_gmt":"2024-09-10T07:47:52","slug":"visita-de-la-ciudad-merida-1","status":"publish","type":"product","link":"https:\/\/explorial.com\/es\/trails\/visita-de-la-ciudad-merida-1\/","title":{"rendered":"M\u00e9rida"},"content":{"rendered":"","protected":false},"excerpt":{"rendered":"","protected":false},"featured_media":83378,"comment_status":"open","ping_status":"closed","template":"","meta":{"_acf_changed":false},"product_brand":[],"product_cat":[1337,1343],"product_tag":[1331],"class_list":{"0":"post-83527","1":"product","2":"type-product","3":"status-publish","4":"has-post-thumbnail","6":"product_cat-mexico-es","7":"product_cat-yucatan-peninsula-es","8":"product_tag-merida-es","10":"first","11":"instock","12":"sale","13":"taxable","14":"shipping-taxable","15":"purchasable","16":"product-type-variable"},"acf":{"city_name":"M\u00e9rida","city_name_display":"M\u00e9rida","languages":"Espa\u00f1ol, Ingl\u00e9s","duration":"aprox. 1.5 - 2 horas","description_1":"","description_2":"","city_description":"M\u00e9rida est\u00e1 llena de herencia maya e influencia colonial espa\u00f1ola. Descubre su rica historia, cultura vibrante y tradiciones encantadoras mientras paseas por el centro hist\u00f3rico de la ciudad.","short_description":"","notes":"","header_image":83372,"highlight_locations":"Plaza Grande, M\u00e9rida Cathedral, Santa Luc\u00eda Park","additional_wheelchair":"Lamentablemente, este recorrido es s\u00f3lo parcialmente apto para sillas de ruedas y coches de beb\u00e9s debido a los desniveles y escaleras. No obstante, el recorrido se puede realizar, pero algunos tramos pueden ser de dif\u00edcil acceso.","voucher_link":"","start_location_coordinates":"20.96245, -89.62671","start_location_name":"Parque de San Juan","start_location_address":"Centro, 97000 M\u00e9rida, Yucatan, Mexico","end_location_name":"Parque de Santa Luc\u00eda","partner_object":null},"_links":{"self":[{"href":"https:\/\/explorial.com\/es\/wp-json\/wp\/v2\/product\/83527","targetHints":{"allow":["GET"]}}],"collection":[{"href":"https:\/\/explorial.com\/es\/wp-json\/wp\/v2\/product"}],"about":[{"href":"https:\/\/explorial.com\/es\/wp-json\/wp\/v2\/types\/product"}],"replies":[{"embeddable":true,"href":"https:\/\/explorial.com\/es\/wp-json\/wp\/v2\/comments?post=83527"}],"wp:featuredmedia":[{"embeddable":true,"href":"https:\/\/explorial.com\/es\/wp-json\/wp\/v2\/media\/83378"}],"wp:attachment":[{"href":"https:\/\/explorial.com\/es\/wp-json\/wp\/v2\/media?parent=83527"}],"wp:term":[{"taxonomy":"product_brand","embeddable":true,"href":"https:\/\/explorial.com\/es\/wp-json\/wp\/v2\/product_brand?post=83527"},{"taxonomy":"product_cat","embeddable":true,"href":"https:\/\/explorial.com\/es\/wp-json\/wp\/v2\/product_cat?post=83527"},{"taxonomy":"product_tag","embeddable":true,"href":"https:\/\/explorial.com\/es\/wp-json\/wp\/v2\/product_tag?post=83527"}],"curies":[{"name":"wp","href":"https:\/\/api.w.org\/{rel}","templated":true}]}}