{"id":80911,"date":"2023-04-18T20:20:58","date_gmt":"2023-04-18T20:20:58","guid":{"rendered":"https:\/\/explorial.com\/trails\/visita-de-la-ciudad-portland-1\/"},"modified":"2024-09-10T12:17:17","modified_gmt":"2024-09-10T12:17:17","slug":"visita-de-la-ciudad-portland-1","status":"publish","type":"product","link":"https:\/\/explorial.com\/es\/trails\/visita-de-la-ciudad-portland-1\/","title":{"rendered":"Portland (Centro de la ciudad y Pearl District)"},"content":{"rendered":"","protected":false},"excerpt":{"rendered":"","protected":false},"featured_media":80762,"comment_status":"open","ping_status":"closed","template":"","meta":{"_acf_changed":false},"product_brand":[],"product_cat":[1045,1258],"product_tag":[1252],"class_list":{"0":"post-80911","1":"product","2":"type-product","3":"status-publish","4":"has-post-thumbnail","6":"product_cat-united-states-es","7":"product_cat-oregon-es","8":"product_tag-portland-es","10":"first","11":"instock","12":"sale","13":"taxable","14":"shipping-taxable","15":"purchasable","16":"product-type-variable"},"acf":{"city_name":"Portland","city_name_display":"Portland (Centro de la ciudad y Pearl District)","languages":"Ingl\u00e9s, Espa\u00f1ol","duration":"aprox. 1.5 - 2 horas","description_1":"","description_2":"","city_description":"Portland posee un rico patrimonio industrial y un fuerte esp\u00edritu independiente. Pasea por las calles comerciales y los edificios hist\u00f3ricos del centro de Portland y conozca mejor la ciudad y su singular esp\u00edritu independiente.","short_description":"","notes":"","header_image":80756,"highlight_locations":"Powell\u2019s City of Books, Chinatown Gateway, Portlandia ","additional_wheelchair":"Lamentablemente, este recorrido es s\u00f3lo parcialmente apto para sillas de ruedas y coches de beb\u00e9s debido a los desniveles y escaleras. No obstante, el recorrido se puede realizar, pero algunos tramos pueden ser de dif\u00edcil acceso.","voucher_link":"","start_location_coordinates":"45.51534, -122.67329","start_location_name":"Salmon Street Springs","start_location_address":"1000 SW Naito Pkwy, Portland, OR 97204, EE.\u00a0UU.","end_location_name":"Puerta de Chinatown","partner_object":null},"_links":{"self":[{"href":"https:\/\/explorial.com\/es\/wp-json\/wp\/v2\/product\/80911","targetHints":{"allow":["GET"]}}],"collection":[{"href":"https:\/\/explorial.com\/es\/wp-json\/wp\/v2\/product"}],"about":[{"href":"https:\/\/explorial.com\/es\/wp-json\/wp\/v2\/types\/product"}],"replies":[{"embeddable":true,"href":"https:\/\/explorial.com\/es\/wp-json\/wp\/v2\/comments?post=80911"}],"wp:featuredmedia":[{"embeddable":true,"href":"https:\/\/explorial.com\/es\/wp-json\/wp\/v2\/media\/80762"}],"wp:attachment":[{"href":"https:\/\/explorial.com\/es\/wp-json\/wp\/v2\/media?parent=80911"}],"wp:term":[{"taxonomy":"product_brand","embeddable":true,"href":"https:\/\/explorial.com\/es\/wp-json\/wp\/v2\/product_brand?post=80911"},{"taxonomy":"product_cat","embeddable":true,"href":"https:\/\/explorial.com\/es\/wp-json\/wp\/v2\/product_cat?post=80911"},{"taxonomy":"product_tag","embeddable":true,"href":"https:\/\/explorial.com\/es\/wp-json\/wp\/v2\/product_tag?post=80911"}],"curies":[{"name":"wp","href":"https:\/\/api.w.org\/{rel}","templated":true}]}}