{"id":75677,"date":"2023-03-20T15:19:24","date_gmt":"2023-03-20T15:19:24","guid":{"rendered":"https:\/\/explorial.com\/trails\/visita-de-la-ciudad-brandeburgo-1\/"},"modified":"2024-09-16T11:52:54","modified_gmt":"2024-09-16T11:52:54","slug":"visita-de-la-ciudad-brandeburgo-1","status":"publish","type":"product","link":"https:\/\/explorial.com\/es\/trails\/visita-de-la-ciudad-brandeburgo-1\/","title":{"rendered":"Brandeburgo"},"content":{"rendered":"","protected":false},"excerpt":{"rendered":"","protected":false},"featured_media":75528,"comment_status":"open","ping_status":"closed","template":"","meta":{"_acf_changed":false},"product_brand":[],"product_cat":[554,1229],"product_tag":[1223],"class_list":{"0":"post-75677","1":"product","2":"type-product","3":"status-publish","4":"has-post-thumbnail","6":"product_cat-germany-es","7":"product_cat-brandenburg-es","8":"product_tag-brandenburg-es","10":"first","11":"instock","12":"sale","13":"taxable","14":"shipping-taxable","15":"purchasable","16":"product-type-variable"},"acf":{"city_name":"Brandeburgo","city_name_display":"Brandeburgo","languages":"Alem\u00e1n, Ingl\u00e9s","duration":"aprox. 1.5 - 2 horas","description_1":"","description_2":"","city_description":"","short_description":"","notes":"","header_image":92013,"highlight_locations":"Dominsel, Altst\u00e4dtisches Rathaus, Villa Lehmann","additional_wheelchair":"Lamentablemente, este recorrido es s\u00f3lo parcialmente apto para sillas de ruedas y coches de beb\u00e9s debido a los desniveles y escaleras. No obstante, el recorrido se puede realizar, pero algunos tramos pueden ser de dif\u00edcil acceso.","voucher_link":"","start_location_coordinates":"52.4090100, 12.5623522","start_location_name":"St. Katharinenkirche","start_location_address":"Katharinenkirchpl. 13, 14776 Brandenburg an der Havel","end_location_name":"Galatea","partner_object":null},"_links":{"self":[{"href":"https:\/\/explorial.com\/es\/wp-json\/wp\/v2\/product\/75677","targetHints":{"allow":["GET"]}}],"collection":[{"href":"https:\/\/explorial.com\/es\/wp-json\/wp\/v2\/product"}],"about":[{"href":"https:\/\/explorial.com\/es\/wp-json\/wp\/v2\/types\/product"}],"replies":[{"embeddable":true,"href":"https:\/\/explorial.com\/es\/wp-json\/wp\/v2\/comments?post=75677"}],"wp:featuredmedia":[{"embeddable":true,"href":"https:\/\/explorial.com\/es\/wp-json\/wp\/v2\/media\/75528"}],"wp:attachment":[{"href":"https:\/\/explorial.com\/es\/wp-json\/wp\/v2\/media?parent=75677"}],"wp:term":[{"taxonomy":"product_brand","embeddable":true,"href":"https:\/\/explorial.com\/es\/wp-json\/wp\/v2\/product_brand?post=75677"},{"taxonomy":"product_cat","embeddable":true,"href":"https:\/\/explorial.com\/es\/wp-json\/wp\/v2\/product_cat?post=75677"},{"taxonomy":"product_tag","embeddable":true,"href":"https:\/\/explorial.com\/es\/wp-json\/wp\/v2\/product_tag?post=75677"}],"curies":[{"name":"wp","href":"https:\/\/api.w.org\/{rel}","templated":true}]}}