{"id":75425,"date":"2023-03-20T15:11:27","date_gmt":"2023-03-20T15:11:27","guid":{"rendered":"https:\/\/explorial.com\/trails\/visita-de-la-ciudad-bayreuth-1\/"},"modified":"2024-09-16T11:11:43","modified_gmt":"2024-09-16T11:11:43","slug":"visita-de-la-ciudad-bayreuth-1","status":"publish","type":"product","link":"https:\/\/explorial.com\/es\/trails\/visita-de-la-ciudad-bayreuth-1\/","title":{"rendered":"Bayreuth"},"content":{"rendered":"","protected":false},"excerpt":{"rendered":"","protected":false},"featured_media":75276,"comment_status":"open","ping_status":"closed","template":"","meta":{"_acf_changed":false},"product_brand":[],"product_cat":[554,586],"product_tag":[1217],"class_list":{"0":"post-75425","1":"product","2":"type-product","3":"status-publish","4":"has-post-thumbnail","6":"product_cat-germany-es","7":"product_cat-bavaria-es","8":"product_tag-bayreuth-es","10":"first","11":"instock","12":"sale","13":"taxable","14":"shipping-taxable","15":"purchasable","16":"product-type-variable"},"acf":{"city_name":"Bayreuth","city_name_display":"Bayreuth","languages":"Alem\u00e1n, Ingl\u00e9s","duration":"aprox. 1.5 - 2 horas","description_1":"","description_2":"","city_description":"","short_description":"","notes":"","header_image":241600,"highlight_locations":"UNESCO-Weltkulturerbe Markgr\u00e4fliches Opernhaus, Neues Schloss, Der Dinosaurier","additional_wheelchair":"Lamentablemente, este recorrido es s\u00f3lo parcialmente apto para sillas de ruedas y coches de beb\u00e9s debido a los desniveles y escaleras. No obstante, el recorrido se puede realizar, pero algunos tramos pueden ser de dif\u00edcil acceso.","voucher_link":"","start_location_coordinates":"49.94642, 11.57667","start_location_name":"Bayreuther Kugelbrunnen","start_location_address":"Luitpoldplatz 13, 95444 Bayreuth, Deutschland","end_location_name":"Im Ehrenhof des Alten Schlosses","partner_object":null},"_links":{"self":[{"href":"https:\/\/explorial.com\/es\/wp-json\/wp\/v2\/product\/75425","targetHints":{"allow":["GET"]}}],"collection":[{"href":"https:\/\/explorial.com\/es\/wp-json\/wp\/v2\/product"}],"about":[{"href":"https:\/\/explorial.com\/es\/wp-json\/wp\/v2\/types\/product"}],"replies":[{"embeddable":true,"href":"https:\/\/explorial.com\/es\/wp-json\/wp\/v2\/comments?post=75425"}],"wp:featuredmedia":[{"embeddable":true,"href":"https:\/\/explorial.com\/es\/wp-json\/wp\/v2\/media\/75276"}],"wp:attachment":[{"href":"https:\/\/explorial.com\/es\/wp-json\/wp\/v2\/media?parent=75425"}],"wp:term":[{"taxonomy":"product_brand","embeddable":true,"href":"https:\/\/explorial.com\/es\/wp-json\/wp\/v2\/product_brand?post=75425"},{"taxonomy":"product_cat","embeddable":true,"href":"https:\/\/explorial.com\/es\/wp-json\/wp\/v2\/product_cat?post=75425"},{"taxonomy":"product_tag","embeddable":true,"href":"https:\/\/explorial.com\/es\/wp-json\/wp\/v2\/product_tag?post=75425"}],"curies":[{"name":"wp","href":"https:\/\/api.w.org\/{rel}","templated":true}]}}