{"id":68581,"date":"2023-03-01T09:41:28","date_gmt":"2023-03-01T09:41:28","guid":{"rendered":"https:\/\/explorial.com\/trails\/visita-de-la-ciudad-obidos-1\/"},"modified":"2024-09-17T13:20:48","modified_gmt":"2024-09-17T13:20:48","slug":"visita-de-la-ciudad-obidos-1","status":"publish","type":"product","link":"https:\/\/explorial.com\/es\/trails\/visita-de-la-ciudad-obidos-1\/","title":{"rendered":"\u00d3bidos"},"content":{"rendered":"","protected":false},"excerpt":{"rendered":"","protected":false},"featured_media":68432,"comment_status":"open","ping_status":"closed","template":"","meta":{"_acf_changed":false},"product_brand":[],"product_cat":[493,478],"product_tag":[1079],"class_list":{"0":"post-68581","1":"product","2":"type-product","3":"status-publish","4":"has-post-thumbnail","6":"product_cat-central-portugal-es","7":"product_cat-portugal-es","8":"product_tag-obidos-es","10":"first","11":"instock","12":"sale","13":"taxable","14":"shipping-taxable","15":"purchasable","16":"product-type-variable"},"acf":{"city_name":"\u00d3bidos","city_name_display":"\u00d3bidos","languages":"Ingl\u00e9s, Portugu\u00e9s, Espa\u00f1ol, Franc\u00e9s, Alem\u00e1n","duration":"aprox. 1.5 - 2 horas","description_1":"","description_2":"","city_description":"\u00d3bidos es una pintoresca ciudad de origen romano. Es imposible no enamorarse de sus encantos y envolverse en este ambiente medieval. D\u00e9jate perder por sus estrechas y sinuosas calles y d\u00e9jate inspirar por los vestigios de otros tiempos. \u00d3bidos se renueva cada d\u00eda. La vida cultural es intensa y \u00fanica. \u00a1Prep\u00e1rate para un viaje en el tiempo en la ciudad con m\u00e1s historia de Portugal! ","short_description":"","notes":"","header_image":68426,"highlight_locations":"Castelo de \u00d3bidos, Pelourinho de \u00d3bidos, Livraria Santiago ","additional_wheelchair":"Lamentablemente, este recorrido es s\u00f3lo parcialmente apto para sillas de ruedas y coches de beb\u00e9s debido a los desniveles y escaleras. No obstante, el recorrido se puede realizar, pero algunos tramos pueden ser de dif\u00edcil acceso.","voucher_link":"","start_location_coordinates":"39.35826, -9.15782","start_location_name":"Oficina de Turismo de \u00d3bidos","start_location_address":"Rua da Porta da Vila 16, 2510-089, Portugal","end_location_name":"Columpio de \u00d3bidos","partner_object":null},"_links":{"self":[{"href":"https:\/\/explorial.com\/es\/wp-json\/wp\/v2\/product\/68581","targetHints":{"allow":["GET"]}}],"collection":[{"href":"https:\/\/explorial.com\/es\/wp-json\/wp\/v2\/product"}],"about":[{"href":"https:\/\/explorial.com\/es\/wp-json\/wp\/v2\/types\/product"}],"replies":[{"embeddable":true,"href":"https:\/\/explorial.com\/es\/wp-json\/wp\/v2\/comments?post=68581"}],"wp:featuredmedia":[{"embeddable":true,"href":"https:\/\/explorial.com\/es\/wp-json\/wp\/v2\/media\/68432"}],"wp:attachment":[{"href":"https:\/\/explorial.com\/es\/wp-json\/wp\/v2\/media?parent=68581"}],"wp:term":[{"taxonomy":"product_brand","embeddable":true,"href":"https:\/\/explorial.com\/es\/wp-json\/wp\/v2\/product_brand?post=68581"},{"taxonomy":"product_cat","embeddable":true,"href":"https:\/\/explorial.com\/es\/wp-json\/wp\/v2\/product_cat?post=68581"},{"taxonomy":"product_tag","embeddable":true,"href":"https:\/\/explorial.com\/es\/wp-json\/wp\/v2\/product_tag?post=68581"}],"curies":[{"name":"wp","href":"https:\/\/api.w.org\/{rel}","templated":true}]}}